{"id":6541,"date":"2025-07-09T10:50:00","date_gmt":"2025-07-09T08:50:00","guid":{"rendered":"https:\/\/www.feedgy.solar\/cookie-management-platform\/"},"modified":"2025-07-09T12:02:32","modified_gmt":"2025-07-09T10:02:32","slug":"cookie-management-platform","status":"publish","type":"page","link":"https:\/\/staging.feedgy.solar\/es\/cookie-management-platform\/","title":{"rendered":"Cookie Management Platform"},"content":{"rendered":"\t\t<div data-elementor-type=\"wp-page\" data-elementor-id=\"6541\" class=\"elementor elementor-6541 elementor-6473\" data-elementor-settings=\"{&quot;ha_cmc_init_switcher&quot;:&quot;no&quot;}\">\n\t\t\t\t\t\t<section class=\"elementor-section elementor-top-section elementor-element elementor-element-5361080b elementor-section-boxed elementor-section-height-default elementor-section-height-default\" data-id=\"5361080b\" data-element_type=\"section\">\n\t\t\t\t\t\t<div class=\"elementor-container elementor-column-gap-default\">\n\t\t\t\t\t<div class=\"elementor-column elementor-col-100 elementor-top-column elementor-element elementor-element-521e55d8\" data-id=\"521e55d8\" data-element_type=\"column\">\n\t\t\t<div class=\"elementor-widget-wrap elementor-element-populated\">\n\t\t\t\t\t\t<div class=\"elementor-element elementor-element-340b5c10 elementor-widget elementor-widget-text-editor\" data-id=\"340b5c10\" data-element_type=\"widget\" data-widget_type=\"text-editor.default\">\n\t\t\t\t<div class=\"elementor-widget-container\">\n\t\t\t\t\t\t\t\t\t\n<h2 class=\"wp-block-heading\">Gestiona tus preferencias de cookies<\/h2>\n\n\n\n<p>Esta p\u00e1gina te permite modificar en cualquier momento tu consentimiento sobre las cookies utilizadas en nuestro sitio web. Puedes activar o desactivar determinadas categor\u00edas de cookies seg\u00fan tus preferencias. <\/p>\n\n\n\n<p>Para obtener m\u00e1s informaci\u00f3n sobre los tipos de cookies que utilizamos, consulta nuestra <a class=\"\" href=\"https:\/\/staging.feedgy.solar\/es\/politique-de-confidentialite\/\" target=\"_blank\" rel=\"noreferrer noopener\">pol\u00edtica de privacidad<\/a>.<\/p>\n\n\n\n<h3 class=\"wp-block-heading\">Modificar mis preferencias<\/h3>\n\n\n\n<p>Haz clic en el bot\u00f3n siguiente para ajustar tu consentimiento:<\/p>\n\t\t\t\t\t\t\t\t<\/div>\n\t\t\t\t<\/div>\n\t\t\t\t<div class=\"elementor-element elementor-element-6f1de76 elementor-widget elementor-widget-html\" data-id=\"6f1de76\" data-element_type=\"widget\" data-widget_type=\"html.default\">\n\t\t\t\t<div class=\"elementor-widget-container\">\n\t\t\t\t\t<button id=\"my-custom-button\" style=\"background: none; border: none; padding: 0; font-size: 16px; color: #0073aa; text-decoration: underline; cursor: pointer; transition: color 0.3s ease;\">Gestionar mis preferencias\r\n<\/button><script>document.getElementById('my-custom-button').addEventListener('click', function() {\r\n    var cmpUI = document.querySelector('#usercentrics-cmp-ui');\r\n    if (cmpUI && cmpUI.shadowRoot) {\r\n      var nativeButton = cmpUI.shadowRoot.querySelector('#uc-privacy-button');\r\n      if (nativeButton) {\r\n        nativeButton.click();\r\n      } else {\r\n        console.log('Bouton natif non trouv\u00e9 dans le Shadow DOM.');\r\n      }\r\n    } else {\r\n      console.log('Interface Usercentrics CMP non trouv\u00e9e.');\r\n    }\r\n  });\r\n<\/script><style>#my-custom-button:hover {\r\n    color: #005177; \/* Changement de couleur au survol *\/\r\n    text-decoration: underline; \/* Garde le soulignement *\/\r\n  }\r\n<\/style>\t\t\t\t<\/div>\n\t\t\t\t<\/div>\n\t\t\t\t\t<\/div>\n\t\t<\/div>\n\t\t\t\t\t<\/div>\n\t\t<\/section>\n\t\t\t\t<\/div>\n\t\t","protected":false},"excerpt":{"rendered":"<p>Gestiona tus preferencias de cookies Esta p\u00e1gina te permite modificar en cualquier momento tu consentimiento sobre las cookies utilizadas en nuestro sitio web. Puedes activar o desactivar determinadas categor\u00edas de cookies seg\u00fan tus preferencias. Para obtener m\u00e1s informaci\u00f3n sobre los tipos de cookies que utilizamos, consulta nuestra pol\u00edtica de privacidad. Modificar mis preferencias Haz clic [&hellip;]<\/p>\n","protected":false},"author":2,"featured_media":0,"parent":0,"menu_order":0,"comment_status":"closed","ping_status":"closed","template":"","meta":{"footnotes":""},"class_list":["post-6541","page","type-page","status-publish","hentry"],"aioseo_notices":[],"_links":{"self":[{"href":"https:\/\/staging.feedgy.solar\/es\/wp-json\/wp\/v2\/pages\/6541","targetHints":{"allow":["GET"]}}],"collection":[{"href":"https:\/\/staging.feedgy.solar\/es\/wp-json\/wp\/v2\/pages"}],"about":[{"href":"https:\/\/staging.feedgy.solar\/es\/wp-json\/wp\/v2\/types\/page"}],"author":[{"embeddable":true,"href":"https:\/\/staging.feedgy.solar\/es\/wp-json\/wp\/v2\/users\/2"}],"replies":[{"embeddable":true,"href":"https:\/\/staging.feedgy.solar\/es\/wp-json\/wp\/v2\/comments?post=6541"}],"version-history":[{"count":4,"href":"https:\/\/staging.feedgy.solar\/es\/wp-json\/wp\/v2\/pages\/6541\/revisions"}],"predecessor-version":[{"id":6545,"href":"https:\/\/staging.feedgy.solar\/es\/wp-json\/wp\/v2\/pages\/6541\/revisions\/6545"}],"wp:attachment":[{"href":"https:\/\/staging.feedgy.solar\/es\/wp-json\/wp\/v2\/media?parent=6541"}],"curies":[{"name":"wp","href":"https:\/\/api.w.org\/{rel}","templated":true}]}}