{"id":3368,"date":"2023-11-01T16:51:42","date_gmt":"2023-11-01T15:51:42","guid":{"rendered":"https:\/\/www.feedgy.solar\/blog\/"},"modified":"2024-10-18T17:22:48","modified_gmt":"2024-10-18T15:22:48","slug":"blog","status":"publish","type":"page","link":"https:\/\/staging.feedgy.solar\/es\/blog\/","title":{"rendered":"Blog"},"content":{"rendered":"\t\t<div data-elementor-type=\"wp-page\" data-elementor-id=\"3368\" class=\"elementor elementor-3368 elementor-1238\" data-elementor-settings=\"{&quot;ha_cmc_init_switcher&quot;:&quot;no&quot;}\">\n\t\t\t\t\t\t<section class=\"elementor-section elementor-top-section elementor-element elementor-element-e0105a1 elementor-section-boxed elementor-section-height-default elementor-section-height-default\" data-id=\"e0105a1\" data-element_type=\"section\" data-settings=\"{&quot;background_background&quot;:&quot;classic&quot;}\">\n\t\t\t\t\t\t\t<div class=\"elementor-background-overlay\"><\/div>\n\t\t\t\t\t\t\t<div class=\"elementor-container elementor-column-gap-default\">\n\t\t\t\t\t<div class=\"elementor-column elementor-col-100 elementor-top-column elementor-element elementor-element-9d26edb\" data-id=\"9d26edb\" data-element_type=\"column\">\n\t\t\t<div class=\"elementor-widget-wrap elementor-element-populated\">\n\t\t\t\t\t\t<div class=\"elementor-element elementor-element-0927ee8 elementor-widget__width-auto elementor-absolute elementor-widget elementor-widget-image\" data-id=\"0927ee8\" data-element_type=\"widget\" data-settings=\"{&quot;_position&quot;:&quot;absolute&quot;}\" data-widget_type=\"image.default\">\n\t\t\t\t<div class=\"elementor-widget-container\">\n\t\t\t\t\t\t\t\t\t\t\t\t\t\t\t<img decoding=\"async\" width=\"53\" height=\"106\" src=\"https:\/\/staging.feedgy.solar\/wp-content\/uploads\/2023\/10\/Vector_shape_2.svg\" class=\"attachment-full size-full wp-image-2853\" alt=\"\" \/>\t\t\t\t\t\t\t\t\t\t\t\t\t\t\t<\/div>\n\t\t\t\t<\/div>\n\t\t\t\t<div class=\"elementor-element elementor-element-c4654d5 elementor-widget__width-auto elementor-absolute elementor-widget elementor-widget-image\" data-id=\"c4654d5\" data-element_type=\"widget\" data-settings=\"{&quot;_position&quot;:&quot;absolute&quot;}\" data-widget_type=\"image.default\">\n\t\t\t\t<div class=\"elementor-widget-container\">\n\t\t\t\t\t\t\t\t\t\t\t\t\t\t\t<img decoding=\"async\" width=\"53\" height=\"106\" src=\"https:\/\/staging.feedgy.solar\/wp-content\/uploads\/2023\/10\/vector_shape_1.svg\" class=\"attachment-full size-full wp-image-2851\" alt=\"\" \/>\t\t\t\t\t\t\t\t\t\t\t\t\t\t\t<\/div>\n\t\t\t\t<\/div>\n\t\t\t\t<div class=\"elementor-element elementor-element-002e4bf elementor-widget elementor-widget-hub_fancy_heading\" data-id=\"002e4bf\" data-element_type=\"widget\" data-widget_type=\"hub_fancy_heading.default\">\n\t\t\t\t<div class=\"elementor-widget-container\">\n\t\t\t\t\t\n\t\t<div id=\"ld-fancy-heading-69dddd006eda7\" class=\"ld-fancy-heading pos-rel\">\n\t\t\t<h1 class=\"ld-fh-element d-inline-block pos-rel  elementor-heading-title lqd-highlight-classic lqd-highlight-grow-left h1\"  > Blog<\/h1>\t\t<\/div>\n\n\t\t\t\t\t\t<\/div>\n\t\t\t\t<\/div>\n\t\t\t\t\t<\/div>\n\t\t<\/div>\n\t\t\t\t\t<\/div>\n\t\t<\/section>\n\t\t\t\t<section class=\"elementor-section elementor-top-section elementor-element elementor-element-73edbfa elementor-section-boxed elementor-section-height-default elementor-section-height-default\" data-id=\"73edbfa\" data-element_type=\"section\">\n\t\t\t\t\t\t<div class=\"elementor-container elementor-column-gap-default\">\n\t\t\t\t\t<div class=\"elementor-column elementor-col-100 elementor-top-column elementor-element elementor-element-a127c55\" data-id=\"a127c55\" data-element_type=\"column\">\n\t\t\t<div class=\"elementor-widget-wrap elementor-element-populated\">\n\t\t\t\t\t\t<section class=\"elementor-section elementor-inner-section elementor-element elementor-element-5caf3b3 elementor-section-boxed elementor-section-height-default elementor-section-height-default\" data-id=\"5caf3b3\" data-element_type=\"section\">\n\t\t\t\t\t\t<div class=\"elementor-container elementor-column-gap-default\">\n\t\t\t\t\t<div class=\"elementor-column elementor-col-50 elementor-inner-column elementor-element elementor-element-eebe6e2\" data-id=\"eebe6e2\" data-element_type=\"column\">\n\t\t\t<div class=\"elementor-widget-wrap elementor-element-populated\">\n\t\t\t\t\t\t<div class=\"elementor-element elementor-element-28c0278 elementor-widget elementor-widget-ld_blog\" data-id=\"28c0278\" data-element_type=\"widget\" data-widget_type=\"ld_blog.default\">\n\t\t\t\t<div class=\"elementor-widget-container\">\n\t\t\t\t\t<div class=\"lqd-lp-grid 28c0278 blog-id-42730104 \"><div class=\"lqd-lp-row row pos-rel d-flex flex-wrap\" ><div class=\"lqd-lp-column d-flex flex-column col-md-6 col-sm-6 repowering-2\"><article id=\"post-6558\" class=\"lqd-lp pos-rel lqd-lp-style-3 text-start post-6558 post type-post status-publish format-standard has-post-thumbnail hentry category-repowering-2\"><div class=\"lqd-lp-img mb-5\"><figure class=\"pos-rel overflow-hidden border-radius-6\"><img fetchpriority=\"high\" decoding=\"async\" width=\"700\" height=\"450\" src=\"https:\/\/staging.feedgy.solar\/wp-content\/uploads\/2025\/06\/Agriculteurs-solaires-700x450.jpg\" class=\"w-100 wp-post-image\" alt=\"Les agriculteurs, producteurs d&#039;\u00e9nergie\" \/><div class=\"lqd-overlay d-flex align-items-center justify-content-center\">\n\t\t\t<div class=\"lqd-overlay lqd-overlay-bg\"><\/div>\n\t\t\t<i class=\"lqd-icn-ess icon-md-arrow-forward\"><\/i>\n\t\t<\/div><\/figure><\/div><header class=\"lqd-lp-header\">\n\t<div class=\"lqd-lp-meta lqd-lp-meta-dot-between d-flex flex-wrap align-items-center font-weight-bold text-uppercase ltr-sp-1\">\n\t\t<span class=\"screen-reader-text\">Tags <\/span><ul class=\"lqd-lp-cat reset-ul inline-ul pos-rel z-index-3\"><li><a href=\"https:\/\/staging.feedgy.solar\/es\/category\/repowering-2\/\" rel=\"category\">Repowering<\/a><\/li><\/ul>\t\t<time class=\"lqd-lp-date\" datetime=\"2025-07-10T12:41:34+02:00\">9 meses ago<\/time>\t<\/div>\n\t<h3 class=\"entry-title lqd-lp-title h5 mt-3 mb-0\"><a  href=\"https:\/\/staging.feedgy.solar\/es\/los-agricultores-y-la-energia-solar-una-historia-destinada-a-perdurar\/\" rel=\"bookmark\">Los agricultores y la energ\u00eda solar, una historia destinada a perdurar<\/a><\/h3><\/header>\n<a  href=\"https:\/\/staging.feedgy.solar\/es\/los-agricultores-y-la-energia-solar-una-historia-destinada-a-perdurar\/\" class=\"lqd-lp-overlay-link lqd-overlay lqd-cc-label-trigger z-index-2\" tab-index=\"-1\"><\/a>\n<\/article><\/div><div class=\"lqd-lp-column d-flex flex-column col-md-6 col-sm-6 repowering-2\"><article id=\"post-6551\" class=\"lqd-lp pos-rel lqd-lp-style-3 text-start post-6551 post type-post status-publish format-standard has-post-thumbnail hentry category-repowering-2\"><div class=\"lqd-lp-img mb-5\"><figure class=\"pos-rel overflow-hidden border-radius-6\"><img loading=\"lazy\" decoding=\"async\" width=\"700\" height=\"450\" src=\"https:\/\/staging.feedgy.solar\/wp-content\/uploads\/2025\/05\/20200519_100234-700x450.jpg\" class=\"w-100 wp-post-image\" alt=\"\" \/><div class=\"lqd-overlay d-flex align-items-center justify-content-center\">\n\t\t\t<div class=\"lqd-overlay lqd-overlay-bg\"><\/div>\n\t\t\t<i class=\"lqd-icn-ess icon-md-arrow-forward\"><\/i>\n\t\t<\/div><\/figure><\/div><header class=\"lqd-lp-header\">\n\t<div class=\"lqd-lp-meta lqd-lp-meta-dot-between d-flex flex-wrap align-items-center font-weight-bold text-uppercase ltr-sp-1\">\n\t\t<span class=\"screen-reader-text\">Tags <\/span><ul class=\"lqd-lp-cat reset-ul inline-ul pos-rel z-index-3\"><li><a href=\"https:\/\/staging.feedgy.solar\/es\/category\/repowering-2\/\" rel=\"category\">Repowering<\/a><\/li><\/ul>\t\t<time class=\"lqd-lp-date\" datetime=\"2025-07-10T10:52:40+02:00\">9 meses ago<\/time>\t<\/div>\n\t<h3 class=\"entry-title lqd-lp-title h5 mt-3 mb-0\"><a  href=\"https:\/\/staging.feedgy.solar\/es\/con-escore-libera-el-potencial-de-produccion-de-las-plantas-solares\/\" rel=\"bookmark\">Con Escore+, libera el potencial de producci\u00f3n de las plantas solares<\/a><\/h3><\/header>\n<a  href=\"https:\/\/staging.feedgy.solar\/es\/con-escore-libera-el-potencial-de-produccion-de-las-plantas-solares\/\" class=\"lqd-lp-overlay-link lqd-overlay lqd-cc-label-trigger z-index-2\" tab-index=\"-1\"><\/a>\n<\/article><\/div><div class=\"lqd-lp-column d-flex flex-column col-md-6 col-sm-6 agrivoltaica\"><article id=\"post-6441\" class=\"lqd-lp pos-rel lqd-lp-style-3 text-start post-6441 post type-post status-publish format-standard has-post-thumbnail hentry category-agrivoltaica\"><div class=\"lqd-lp-img mb-5\"><figure class=\"pos-rel overflow-hidden border-radius-6\"><img loading=\"lazy\" decoding=\"async\" width=\"700\" height=\"450\" src=\"https:\/\/staging.feedgy.solar\/wp-content\/uploads\/2025\/05\/Serre-AgriPV-avec-panneaux-solaires-bifaciaux-700x450.jpg\" class=\"w-100 wp-post-image\" alt=\"\" \/><div class=\"lqd-overlay d-flex align-items-center justify-content-center\">\n\t\t\t<div class=\"lqd-overlay lqd-overlay-bg\"><\/div>\n\t\t\t<i class=\"lqd-icn-ess icon-md-arrow-forward\"><\/i>\n\t\t<\/div><\/figure><\/div><header class=\"lqd-lp-header\">\n\t<div class=\"lqd-lp-meta lqd-lp-meta-dot-between d-flex flex-wrap align-items-center font-weight-bold text-uppercase ltr-sp-1\">\n\t\t<span class=\"screen-reader-text\">Tags <\/span><ul class=\"lqd-lp-cat reset-ul inline-ul pos-rel z-index-3\"><li><a href=\"https:\/\/staging.feedgy.solar\/es\/category\/agrivoltaica\/\" rel=\"category\">Agrivoltaica<\/a><\/li><\/ul>\t\t<time class=\"lqd-lp-date\" datetime=\"2025-06-30T17:28:25+02:00\">10 meses ago<\/time>\t<\/div>\n\t<h3 class=\"entry-title lqd-lp-title h5 mt-3 mb-0\"><a  href=\"https:\/\/staging.feedgy.solar\/es\/agrivoltaica-definicion-y-aplicaciones\/\" rel=\"bookmark\">Agrivoltaica: definici\u00f3n y aplicaciones<\/a><\/h3><\/header>\n<a  href=\"https:\/\/staging.feedgy.solar\/es\/agrivoltaica-definicion-y-aplicaciones\/\" class=\"lqd-lp-overlay-link lqd-overlay lqd-cc-label-trigger z-index-2\" tab-index=\"-1\"><\/a>\n<\/article><\/div><div class=\"lqd-lp-column d-flex flex-column col-md-6 col-sm-6 tecnologia\"><article id=\"post-6416\" class=\"lqd-lp pos-rel lqd-lp-style-3 text-start post-6416 post type-post status-publish format-standard has-post-thumbnail hentry category-tecnologia\"><div class=\"lqd-lp-img mb-5\"><figure class=\"pos-rel overflow-hidden border-radius-6\"><img loading=\"lazy\" decoding=\"async\" width=\"700\" height=\"450\" src=\"https:\/\/staging.feedgy.solar\/wp-content\/uploads\/2025\/03\/DJI_0885-e1742907945489-700x450.jpg\" class=\"w-100 wp-post-image\" alt=\"\" \/><div class=\"lqd-overlay d-flex align-items-center justify-content-center\">\n\t\t\t<div class=\"lqd-overlay lqd-overlay-bg\"><\/div>\n\t\t\t<i class=\"lqd-icn-ess icon-md-arrow-forward\"><\/i>\n\t\t<\/div><\/figure><\/div><header class=\"lqd-lp-header\">\n\t<div class=\"lqd-lp-meta lqd-lp-meta-dot-between d-flex flex-wrap align-items-center font-weight-bold text-uppercase ltr-sp-1\">\n\t\t<span class=\"screen-reader-text\">Tags <\/span><ul class=\"lqd-lp-cat reset-ul inline-ul pos-rel z-index-3\"><li><a href=\"https:\/\/staging.feedgy.solar\/es\/category\/tecnologia\/\" rel=\"category\">Tecnolog\u00eda<\/a><\/li><\/ul>\t\t<time class=\"lqd-lp-date\" datetime=\"2025-06-20T11:41:41+02:00\">10 meses ago<\/time>\t<\/div>\n\t<h3 class=\"entry-title lqd-lp-title h5 mt-3 mb-0\"><a  href=\"https:\/\/staging.feedgy.solar\/es\/todo-sobre-los-paneles-fotovoltaicos-de-heterounion-hjt\/\" rel=\"bookmark\">Todo sobre los paneles fotovoltaicos de heterouni\u00f3n (HJT)<\/a><\/h3><\/header>\n<a  href=\"https:\/\/staging.feedgy.solar\/es\/todo-sobre-los-paneles-fotovoltaicos-de-heterounion-hjt\/\" class=\"lqd-lp-overlay-link lqd-overlay lqd-cc-label-trigger z-index-2\" tab-index=\"-1\"><\/a>\n<\/article><\/div><div class=\"lqd-lp-column d-flex flex-column col-md-6 col-sm-6 presse-es\"><article id=\"post-6237\" class=\"lqd-lp pos-rel lqd-lp-style-3 text-start post-6237 post type-post status-publish format-standard has-post-thumbnail hentry category-presse-es\"><div class=\"lqd-lp-img mb-5\"><figure class=\"pos-rel overflow-hidden border-radius-6\"><img loading=\"lazy\" decoding=\"async\" width=\"700\" height=\"450\" src=\"https:\/\/staging.feedgy.solar\/wp-content\/uploads\/2025\/05\/Centrale-au-sol-repowering-Feedgy-700x450.jpeg\" class=\"w-100 wp-post-image\" alt=\"Centrale au sol - Repowering\" \/><div class=\"lqd-overlay d-flex align-items-center justify-content-center\">\n\t\t\t<div class=\"lqd-overlay lqd-overlay-bg\"><\/div>\n\t\t\t<i class=\"lqd-icn-ess icon-md-arrow-forward\"><\/i>\n\t\t<\/div><\/figure><\/div><header class=\"lqd-lp-header\">\n\t<div class=\"lqd-lp-meta lqd-lp-meta-dot-between d-flex flex-wrap align-items-center font-weight-bold text-uppercase ltr-sp-1\">\n\t\t<span class=\"screen-reader-text\">Tags <\/span><ul class=\"lqd-lp-cat reset-ul inline-ul pos-rel z-index-3\"><li><a href=\"https:\/\/staging.feedgy.solar\/es\/category\/presse-es\/\" rel=\"category\">Presse<\/a><\/li><\/ul>\t\t<time class=\"lqd-lp-date\" datetime=\"2025-05-02T15:13:40+02:00\">12 meses ago<\/time>\t<\/div>\n\t<h3 class=\"entry-title lqd-lp-title h5 mt-3 mb-0\"><a  href=\"https:\/\/staging.feedgy.solar\/es\/intersolar-feedgy-a-la-vanguardia-de-la-energia-solar-para-las-transiciones-energetica-y-agricola\/\" rel=\"bookmark\">Intersolar: Feedgy a la vanguardia de la energ\u00eda solar para las transiciones energ\u00e9tica y agr\u00edcola<\/a><\/h3><\/header>\n<a  href=\"https:\/\/staging.feedgy.solar\/es\/intersolar-feedgy-a-la-vanguardia-de-la-energia-solar-para-las-transiciones-energetica-y-agricola\/\" class=\"lqd-lp-overlay-link lqd-overlay lqd-cc-label-trigger z-index-2\" tab-index=\"-1\"><\/a>\n<\/article><\/div><div class=\"lqd-lp-column d-flex flex-column col-md-6 col-sm-6 presse-es\"><article id=\"post-4719\" class=\"lqd-lp pos-rel lqd-lp-style-3 text-start post-4719 post type-post status-publish format-standard has-post-thumbnail hentry category-presse-es\"><div class=\"lqd-lp-img mb-5\"><figure class=\"pos-rel overflow-hidden border-radius-6\"><img loading=\"lazy\" decoding=\"async\" width=\"700\" height=\"339\" src=\"https:\/\/staging.feedgy.solar\/wp-content\/uploads\/2024\/09\/Feedgy-participe-a-Intersolar-Europe--700x339.jpg\" class=\"w-100 wp-post-image\" alt=\"Feedgy participe \u00e0 Intersolar Europe\" \/><div class=\"lqd-overlay d-flex align-items-center justify-content-center\">\n\t\t\t<div class=\"lqd-overlay lqd-overlay-bg\"><\/div>\n\t\t\t<i class=\"lqd-icn-ess icon-md-arrow-forward\"><\/i>\n\t\t<\/div><\/figure><\/div><header class=\"lqd-lp-header\">\n\t<div class=\"lqd-lp-meta lqd-lp-meta-dot-between d-flex flex-wrap align-items-center font-weight-bold text-uppercase ltr-sp-1\">\n\t\t<span class=\"screen-reader-text\">Tags <\/span><ul class=\"lqd-lp-cat reset-ul inline-ul pos-rel z-index-3\"><li><a href=\"https:\/\/staging.feedgy.solar\/es\/category\/presse-es\/\" rel=\"category\">Presse<\/a><\/li><\/ul>\t\t<time class=\"lqd-lp-date\" datetime=\"2024-06-11T12:00:16+02:00\">2 a\u00f1os ago<\/time>\t<\/div>\n\t<h3 class=\"entry-title lqd-lp-title h5 mt-3 mb-0\"><a  href=\"https:\/\/staging.feedgy.solar\/es\/feedgy-participa-intersolar-europe-innovations\/\" rel=\"bookmark\">Feedgy participa en Intersolar Europe: Innovaci\u00f3n de vanguarda para conquistar Europa<\/a><\/h3><\/header>\n<a  href=\"https:\/\/staging.feedgy.solar\/es\/feedgy-participa-intersolar-europe-innovations\/\" class=\"lqd-lp-overlay-link lqd-overlay lqd-cc-label-trigger z-index-2\" tab-index=\"-1\"><\/a>\n<\/article><\/div><div class=\"lqd-lp-column d-flex flex-column col-md-6 col-sm-6 sin-categorizar\"><article id=\"post-3579\" class=\"lqd-lp pos-rel lqd-lp-style-3 text-start post-3579 post type-post status-publish format-standard has-post-thumbnail hentry category-sin-categorizar\"><div class=\"lqd-lp-img mb-5\"><figure class=\"pos-rel overflow-hidden border-radius-6\"><img loading=\"lazy\" decoding=\"async\" width=\"700\" height=\"450\" src=\"https:\/\/staging.feedgy.solar\/wp-content\/uploads\/2024\/02\/DJI_0875-700x450.jpg\" class=\"w-100 wp-post-image\" alt=\"Centrale solaire - repowering. Lury-sur-Arnon\" \/><div class=\"lqd-overlay d-flex align-items-center justify-content-center\">\n\t\t\t<div class=\"lqd-overlay lqd-overlay-bg\"><\/div>\n\t\t\t<i class=\"lqd-icn-ess icon-md-arrow-forward\"><\/i>\n\t\t<\/div><\/figure><\/div><header class=\"lqd-lp-header\">\n\t<div class=\"lqd-lp-meta lqd-lp-meta-dot-between d-flex flex-wrap align-items-center font-weight-bold text-uppercase ltr-sp-1\">\n\t\t<span class=\"screen-reader-text\">Tags <\/span><ul class=\"lqd-lp-cat reset-ul inline-ul pos-rel z-index-3\"><li><a href=\"https:\/\/staging.feedgy.solar\/es\/category\/sin-categorizar\/\" rel=\"category\" style=--color-primary:#ffffff>Sin categorizar<\/a><\/li><\/ul>\t\t<time class=\"lqd-lp-date\" datetime=\"2024-02-09T10:58:50+01:00\">2 a\u00f1os ago<\/time>\t<\/div>\n\t<h3 class=\"entry-title lqd-lp-title h5 mt-3 mb-0\"><a  href=\"https:\/\/staging.feedgy.solar\/es\/repotenciamiento-transformacion-de-sus-centrales-solares\/\" rel=\"bookmark\">Repotenciamiento: Transformaci\u00f3n de sus centrales solares<\/a><\/h3><\/header>\n<a  href=\"https:\/\/staging.feedgy.solar\/es\/repotenciamiento-transformacion-de-sus-centrales-solares\/\" class=\"lqd-lp-overlay-link lqd-overlay lqd-cc-label-trigger z-index-2\" tab-index=\"-1\"><\/a>\n<\/article><\/div><\/div><!--\/ .row --><\/div><!--\/ .lqd-lp-grid -->\t\t\t\t<\/div>\n\t\t\t\t<\/div>\n\t\t\t\t\t<\/div>\n\t\t<\/div>\n\t\t\t\t<div class=\"elementor-column elementor-col-50 elementor-inner-column elementor-element elementor-element-1466d5f\" data-id=\"1466d5f\" data-element_type=\"column\">\n\t\t\t<div class=\"elementor-widget-wrap elementor-element-populated\">\n\t\t\t\t\t\t<div class=\"elementor-element elementor-element-8cf3b0c elementor-widget elementor-widget-sidebar\" data-id=\"8cf3b0c\" data-element_type=\"widget\" data-widget_type=\"sidebar.default\">\n\t\t\t\t<div class=\"elementor-widget-container\">\n\t\t\t\t\t<div id=\"block-12\" class=\"widget widget_block\">\n<h3 class=\"wp-block-heading has-medium-font-size\">Categor\u00edas<\/h3>\n<\/div><div id=\"block-11\" class=\"widget widget_block widget_categories\"><ul class=\"wp-block-categories-list wp-block-categories\">\t<li class=\"cat-item cat-item-58\"><a href=\"https:\/\/staging.feedgy.solar\/es\/category\/agrivoltaica\/\">Agrivoltaica<\/a>\n<\/li>\n\t<li class=\"cat-item cat-item-34\"><a href=\"https:\/\/staging.feedgy.solar\/es\/category\/eficiencia-energetica\/\">Eficiencia energ\u00e9tica<\/a>\n<\/li>\n\t<li class=\"cat-item cat-item-43\"><a href=\"https:\/\/staging.feedgy.solar\/es\/category\/presse-es\/\">Presse<\/a>\n<\/li>\n\t<li class=\"cat-item cat-item-59\"><a href=\"https:\/\/staging.feedgy.solar\/es\/category\/repowering-2\/\">Repowering<\/a>\n<\/li>\n\t<li class=\"cat-item cat-item-16\"><a href=\"https:\/\/staging.feedgy.solar\/es\/category\/sin-categorizar\/\">Sin categorizar<\/a>\n<\/li>\n\t<li class=\"cat-item cat-item-57\"><a href=\"https:\/\/staging.feedgy.solar\/es\/category\/tecnologia\/\">Tecnolog\u00eda<\/a>\n<\/li>\n<\/ul><\/div><div id=\"block-7\" class=\"widget widget_block widget_search\"><form role=\"search\" method=\"get\" action=\"https:\/\/staging.feedgy.solar\/es\/\" class=\"wp-block-search__no-button wp-block-search\"    ><label class=\"wp-block-search__label\" for=\"wp-block-search__input-1\" >Buscar en<\/label><div class=\"wp-block-search__inside-wrapper\" ><input class=\"wp-block-search__input\" id=\"wp-block-search__input-1\" placeholder=\"Buscar un art\u00edculo\" value=\"\" type=\"search\" name=\"s\" required \/><\/div><\/form><\/div><div id=\"liquid-latest-posts-2\" class=\"widget ld_widget_recent_entries\">\n\t\t\t\t\t\t\t<h3 class=\"widget-title\">Publicaciones recientes<\/h3>\t\t\t\n\t\t\t<ul>\n\n\t\t\t\t\n\t\t\t\t\t<li class=\"pos-rel\">\n\t\t\t\t\t\t\t\t\t\t\t<figure>\n\t\t\t\t\t\t\t<img loading=\"lazy\" decoding=\"async\" width=\"4000\" height=\"3000\" src=\"https:\/\/staging.feedgy.solar\/wp-content\/uploads\/2025\/06\/Agriculteurs-solaires.jpg\" class=\"attachment-liquid-widget size-liquid-widget wp-post-image\" alt=\"Les agriculteurs, producteurs d&#039;\u00e9nergie\" srcset=\"https:\/\/staging.feedgy.solar\/wp-content\/uploads\/2025\/06\/Agriculteurs-solaires.jpg 4000w, https:\/\/staging.feedgy.solar\/wp-content\/uploads\/2025\/06\/Agriculteurs-solaires-300x225.jpg 300w, https:\/\/staging.feedgy.solar\/wp-content\/uploads\/2025\/06\/Agriculteurs-solaires-1024x768.jpg 1024w\" sizes=\"(max-width: 4000px) 100vw, 4000px\" \/>\t\t\t\t\t\t<\/figure>\n\t\t\t\t\t\t\t\t\t\t\t<div class=\"ld_entries_contents\">\n\t\t\t\t\t\t\t<a class=\"h2 mt-0\" href=\"https:\/\/staging.feedgy.solar\/es\/los-agricultores-y-la-energia-solar-una-historia-destinada-a-perdurar\/\">Los agricultores y la energ\u00eda solar, una historia destinada a perdurar<\/a>\n\t\t\t\t\t\t\t<span class=\"post-date\">10 julio 2025<\/span>\t\t\t\t\t\t<\/div><!-- \/.contents -->\n\t\t\t\t\t\t<a href=\"https:\/\/staging.feedgy.solar\/es\/los-agricultores-y-la-energia-solar-una-historia-destinada-a-perdurar\/\" class=\"lqd-overlay\"><\/a>\n\t\t\t\t\t<\/li>\n\n\t\t\t\t\n\t\t\t\t\t<li class=\"pos-rel\">\n\t\t\t\t\t\t\t\t\t\t\t<figure>\n\t\t\t\t\t\t\t<img loading=\"lazy\" decoding=\"async\" width=\"2197\" height=\"1304\" src=\"https:\/\/staging.feedgy.solar\/wp-content\/uploads\/2025\/05\/20200519_100234.jpg\" class=\"attachment-liquid-widget size-liquid-widget wp-post-image\" alt=\"\" srcset=\"https:\/\/staging.feedgy.solar\/wp-content\/uploads\/2025\/05\/20200519_100234.jpg 2197w, https:\/\/staging.feedgy.solar\/wp-content\/uploads\/2025\/05\/20200519_100234-300x178.jpg 300w, https:\/\/staging.feedgy.solar\/wp-content\/uploads\/2025\/05\/20200519_100234-1024x608.jpg 1024w\" sizes=\"(max-width: 2197px) 100vw, 2197px\" \/>\t\t\t\t\t\t<\/figure>\n\t\t\t\t\t\t\t\t\t\t\t<div class=\"ld_entries_contents\">\n\t\t\t\t\t\t\t<a class=\"h2 mt-0\" href=\"https:\/\/staging.feedgy.solar\/es\/con-escore-libera-el-potencial-de-produccion-de-las-plantas-solares\/\">Con Escore+, libera el potencial de producci\u00f3n de las plantas solares<\/a>\n\t\t\t\t\t\t\t<span class=\"post-date\">10 julio 2025<\/span>\t\t\t\t\t\t<\/div><!-- \/.contents -->\n\t\t\t\t\t\t<a href=\"https:\/\/staging.feedgy.solar\/es\/con-escore-libera-el-potencial-de-produccion-de-las-plantas-solares\/\" class=\"lqd-overlay\"><\/a>\n\t\t\t\t\t<\/li>\n\n\t\t\t\t\n\t\t\t\t\t<li class=\"pos-rel\">\n\t\t\t\t\t\t\t\t\t\t\t<figure>\n\t\t\t\t\t\t\t<img loading=\"lazy\" decoding=\"async\" width=\"8192\" height=\"5464\" src=\"https:\/\/staging.feedgy.solar\/wp-content\/uploads\/2025\/05\/Serre-AgriPV-avec-panneaux-solaires-bifaciaux.jpg\" class=\"attachment-liquid-widget size-liquid-widget wp-post-image\" alt=\"\" srcset=\"https:\/\/staging.feedgy.solar\/wp-content\/uploads\/2025\/05\/Serre-AgriPV-avec-panneaux-solaires-bifaciaux.jpg 8192w, https:\/\/staging.feedgy.solar\/wp-content\/uploads\/2025\/05\/Serre-AgriPV-avec-panneaux-solaires-bifaciaux-300x200.jpg 300w, https:\/\/staging.feedgy.solar\/wp-content\/uploads\/2025\/05\/Serre-AgriPV-avec-panneaux-solaires-bifaciaux-1024x683.jpg 1024w\" sizes=\"(max-width: 8192px) 100vw, 8192px\" \/>\t\t\t\t\t\t<\/figure>\n\t\t\t\t\t\t\t\t\t\t\t<div class=\"ld_entries_contents\">\n\t\t\t\t\t\t\t<a class=\"h2 mt-0\" href=\"https:\/\/staging.feedgy.solar\/es\/agrivoltaica-definicion-y-aplicaciones\/\">Agrivoltaica: definici\u00f3n y aplicaciones<\/a>\n\t\t\t\t\t\t\t<span class=\"post-date\">30 junio 2025<\/span>\t\t\t\t\t\t<\/div><!-- \/.contents -->\n\t\t\t\t\t\t<a href=\"https:\/\/staging.feedgy.solar\/es\/agrivoltaica-definicion-y-aplicaciones\/\" class=\"lqd-overlay\"><\/a>\n\t\t\t\t\t<\/li>\n\n\t\t\t\t\n\t\t\t\t\n\t\t\t<\/ul>\n\n\t\t\t<\/div>\t\t\t\t<\/div>\n\t\t\t\t<\/div>\n\t\t\t\t\t<\/div>\n\t\t<\/div>\n\t\t\t\t\t<\/div>\n\t\t<\/section>\n\t\t\t\t\t<\/div>\n\t\t<\/div>\n\t\t\t\t\t<\/div>\n\t\t<\/section>\n\t\t\t\t<\/div>\n\t\t","protected":false},"excerpt":{"rendered":"<p>Blog Tags Efficacit\u00e9 \u00e9nerg\u00e9tique Il y a 1 mois Optimisation \u00e9nerg\u00e9tique : comment le Repowering transforme vos centrales solaires\u00a0<\/p>\n","protected":false},"author":1,"featured_media":0,"parent":0,"menu_order":0,"comment_status":"closed","ping_status":"closed","template":"","meta":{"footnotes":""},"class_list":["post-3368","page","type-page","status-publish","hentry"],"aioseo_notices":[],"_links":{"self":[{"href":"https:\/\/staging.feedgy.solar\/es\/wp-json\/wp\/v2\/pages\/3368","targetHints":{"allow":["GET"]}}],"collection":[{"href":"https:\/\/staging.feedgy.solar\/es\/wp-json\/wp\/v2\/pages"}],"about":[{"href":"https:\/\/staging.feedgy.solar\/es\/wp-json\/wp\/v2\/types\/page"}],"author":[{"embeddable":true,"href":"https:\/\/staging.feedgy.solar\/es\/wp-json\/wp\/v2\/users\/1"}],"replies":[{"embeddable":true,"href":"https:\/\/staging.feedgy.solar\/es\/wp-json\/wp\/v2\/comments?post=3368"}],"version-history":[{"count":1,"href":"https:\/\/staging.feedgy.solar\/es\/wp-json\/wp\/v2\/pages\/3368\/revisions"}],"predecessor-version":[{"id":5106,"href":"https:\/\/staging.feedgy.solar\/es\/wp-json\/wp\/v2\/pages\/3368\/revisions\/5106"}],"wp:attachment":[{"href":"https:\/\/staging.feedgy.solar\/es\/wp-json\/wp\/v2\/media?parent=3368"}],"curies":[{"name":"wp","href":"https:\/\/api.w.org\/{rel}","templated":true}]}}