{"id":3333,"date":"2023-11-03T14:37:43","date_gmt":"2023-11-03T13:37:43","guid":{"rendered":"https:\/\/www.feedgy.solar\/politique-de-confidentialite\/"},"modified":"2024-10-18T17:35:32","modified_gmt":"2024-10-18T15:35:32","slug":"politique-de-confidentialite","status":"publish","type":"page","link":"https:\/\/staging.feedgy.solar\/es\/politique-de-confidentialite\/","title":{"rendered":"Pol\u00edtica de privacidad"},"content":{"rendered":"\n<h2 class=\"wp-block-heading has-medium-font-size\"><span class=\"ez-toc-section\" id=\"DEFINICIONES\"><\/span>DEFINICIONES<span class=\"ez-toc-section-end\"><\/span><\/h2>\n\n\n\n<p>CNIL: Comisi\u00f3n Nacional de Inform\u00e1tica y Libertades .<\/p>\n\n\n\n<p>GDPR: Reglamento General de Protecci\u00f3n de Datos.<\/p>\n\n\n\n<p>Datos Personales: Esto abarca \u00abcualquier informaci\u00f3n relacionada con una persona natural identificada o identificable\u00bb. Estas personas deben mantener el control sobre sus datos.<\/p>\n\n\n\n<p>Anfitri\u00f3n: Esta es una entidad que proporciona acceso en l\u00ednea a un sitio web para los usuarios.<\/p>\n\n\n\n<p>Cookie: Una Cookie contiene diversos datos. Se utilizan para recopilar informaci\u00f3n sobre su navegaci\u00f3n por el sitio web y ofrecer servicios personalizados basados en los datos recopilados.<\/p>\n\n\n\n<p>Usuario: persona f\u00edsica que accede al sitio web <a href=\"https:\/\/staging.feedgy.solar\/es\/\">https:\/\/staging.feedgy.solar\/<\/a>.<\/p>\n\n\n\n<h2 class=\"wp-block-heading has-medium-font-size\"><span class=\"ez-toc-section\" id=\"PROPOSITO_DE_ESTA_POLITICA\"><\/span>PROP\u00d3SITO DE ESTA POL\u00cdTICA<span class=\"ez-toc-section-end\"><\/span><\/h2>\n\n\n\n<p>El objetivo de esta pol\u00edtica es proporcionar informaci\u00f3n sobre el tratamiento de sus datos en el sitio web https:\/\/staging.feedgy.solar\/fr\/.<\/p>\n\n\n\n<p>SAS Quantom &#8211; capital de 66,936 \u20ac<\/p>\n\n\n\n<p>44 rue Lucien Sampaix \u2013 75010 Paris,<\/p>\n\n\n\n<p>Le directeur de la publication est M. Harold DARRAS<\/p>\n\n\n\n<p>El sitio web est\u00e1 alojado y desarrollado por la empresa OVH<\/p>\n\n\n\n<p>19 Place Fran\u00e7oise Dorin, 75017 Paris<\/p>\n\n\n\n<p><a href=\"https:\/\/www.google.com\/search?safe=strict&amp;rlz=1C1CHBF_frFR915FR915&amp;sxsrf=ALeKk01uR_T1n4nMQqp1i9ao1oN7UU4feg%3A1604496746947&amp;ei=aq2iX8GwOdGYaffei_AD&amp;q=OVH+adresse+paris&amp;oq=OVH+adresse+paris&amp;gs_lcp=CgZwc3ktYWIQAzICCAA6BAgAEEc6BAgjECc6BAgAEEM6BwgAEBQQhwI6BggAEBYQHlCLI1jDKWDYKmgAcAJ4AIAB_QGIAdwHkgEFMi40LjGYAQCgAQGqAQdnd3Mtd2l6yAEIwAEB&amp;sclient=psy-ab&amp;ved=0ahUKEwjBjZSVgOnsAhVRTBoKHXfvAj4Q4dUDCA0&amp;uact=5\">09 55 00 66 33<\/a><\/p>\n\n\n\n<p>SAS Quantom dise\u00f1a herramientas para analizar el rendimiento de instalaciones fotovoltaicas. La privacidad de los visitantes de nuestro sitio web es muy importante para nosotros, y estamos comprometidos a protegerla. Dar su consentimiento a nuestro uso de cookies de acuerdo con esta pol\u00edtica durante su primera visita a nuestro sitio web nos permite usar cookies cada vez que visita nuestro sitio.<\/p>\n\n\n\n<p>Esta pol\u00edtica complementa las menciones legales accesibles para los usuarios en la siguiente direcci\u00f3n: <a href=\"https:\/\/staging.feedgy.solar\/legal-mentions\/\">Menciones legales<\/a><\/p>\n\n\n\n<h2 class=\"wp-block-heading has-medium-font-size\"><span class=\"ez-toc-section\" id=\"%C2%BFQUE_DATOS_SE_RECOGEN\"><\/span>\u00bfQU\u00c9 DATOS SE RECOGEN?<span class=\"ez-toc-section-end\"><\/span><\/h2>\n\n\n\n<p>Se pueden recoger, almacenar y utilizar los siguientes tipos de informaci\u00f3n personal:<\/p>\n\n\n\n<ul class=\"wp-block-list\">\n<li>Informaci\u00f3n que ingrese, como su nombre, apellido, g\u00e9nero, direcci\u00f3n de correo electr\u00f3nico, n\u00famero de tel\u00e9fono, profesi\u00f3n, que nos proporcione;<\/li>\n\n\n\n<li>Informaci\u00f3n que ingrese al usar los servicios de nuestro sitio web;<\/li>\n\n\n\n<li>Informaci\u00f3n contenida en cualquier comunicaci\u00f3n que nos env\u00ede por correo electr\u00f3nico o a trav\u00e9s del formulario de contacto de nuestro sitio web;<\/li>\n\n\n\n<li>Cualquier otra informaci\u00f3n personal que nos proporcione.<\/li>\n<\/ul>\n\n\n\n<h2 class=\"wp-block-heading has-medium-font-size\"><span class=\"ez-toc-section\" id=\"ORIGEN_DE_LOS_DATOS_PERSONALES\"><\/span>ORIGEN DE LOS DATOS PERSONALES<span class=\"ez-toc-section-end\"><\/span><\/h2>\n\n\n\n<p>Los datos recopilados resultan de su consentimiento. No se toma ninguna medida por nuestra parte para recopilar datos que no sean necesarios y proporcionales al prop\u00f3sito previsto.<\/p>\n\n\n\n<h2 class=\"wp-block-heading has-medium-font-size\"><span class=\"ez-toc-section\" id=\"PROPOSITOS_Y_PROCESAMIENTO_DE_DATOS_PERSONALES_RECOPILADOS\"><\/span>PROP\u00d3SITOS Y PROCESAMIENTO DE DATOS PERSONALES RECOPILADOS<span class=\"ez-toc-section-end\"><\/span><\/h2>\n\n\n\n<h3 class=\"wp-block-heading\"><strong>1.Necesidad de Recopilaci\u00f3n<\/strong><\/h3>\n\n\n\n<p>La informaci\u00f3n personal proporcionada a trav\u00e9s de nuestro sitio web se utilizar\u00e1 para los fines descritos en esta pol\u00edtica o en las p\u00e1ginas relevantes del sitio web. Podemos utilizar su informaci\u00f3n personal para:<\/p>\n\n\n\n<ul class=\"wp-block-list\">\n<li>Administrar nuestro sitio web y nuestro negocio;<\/li>\n\n\n\n<li>Permitir su uso de los servicios ofrecidos en nuestro sitio web;<\/li>\n\n\n\n<li>Proporcionarle los servicios adquiridos en nuestro sitio web;<\/li>\n\n\n\n<li>Enviarle estados de cuenta, facturas y recordatorios de pago, y recopilar sus pagos;<\/li>\n\n\n\n<li>Enviarle notificaciones por correo electr\u00f3nico que haya solicitado expresamente;<\/li>\n\n\n\n<li>Procesar solicitudes y quejas sobre su sitio web hechas por usted o relacionadas con usted;<\/li>\n\n\n\n<li>Mantener la seguridad de nuestro sitio web y prevenir el fraude.<\/li>\n<\/ul>\n\n\n\n<h3 class=\"wp-block-heading\"><strong>2. Plazos de Retenci\u00f3n<\/strong><\/h3>\n\n\n\n<p>Todos los datos personales recopilados se procesan y almacenan por un per\u00edodo limitado en funci\u00f3n del prop\u00f3sito del procesamiento y las leyes aplicables que rigen los Servicios. Los datos del usuario (nombre, apellido, g\u00e9nero, direcci\u00f3n de correo electr\u00f3nico) se eliminar\u00e1n 36 meses despu\u00e9s del \u00faltimo contacto con el usuario. Al final de los plazos de retenci\u00f3n, los datos personales de los usuarios se eliminan permanentemente o se anonimizan.<\/p>\n\n\n\n<p>Sin su consentimiento expl\u00edcito, no proporcionaremos su informaci\u00f3n personal a terceros para su marketing directo o el de otros terceros.<\/p>\n\n\n\n<h2 class=\"wp-block-heading has-medium-font-size\"><span class=\"ez-toc-section\" id=\"SUBCONTRATISTAS_Y_DESTINATARIOS_DE_DATOS_PERSONALES\"><\/span><strong>SUBCONTRATISTAS Y DESTINATARIOS DE DATOS PERSONALES<\/strong><span class=\"ez-toc-section-end\"><\/span><\/h2>\n\n\n\n<p>Uso interno: Sus datos personales se utilizan inicialmente internamente por nuestros servicios, dentro de los l\u00edmites de sus respectivas responsabilidades.<\/p>\n\n\n\n<p>Hosting: El anfitri\u00f3n de nuestro sitio web es la empresa OVH. Los datos son gestionados y almacenados por este anfitri\u00f3n seguro. Esta empresa est\u00e1 sujeta a estrictas obligaciones de confidencialidad con respecto a su informaci\u00f3n.<\/p>\n\n\n\n<p>Todos estos datos se alojan dentro de la Uni\u00f3n Europea.<\/p>\n\n\n\n<p><strong>DERECHOS DEL USUARIO<\/strong><\/p>\n\n\n\n<p>El Reglamento General de Protecci\u00f3n de Datos (GDPR) de la Uni\u00f3n Europea otorga a los usuarios varios derechos con respecto a su informaci\u00f3n personal:<\/p>\n\n\n\n<ul class=\"wp-block-list\">\n<li><strong>Derecho de acceso (Art\u00edculo 15 GDPR): Puede obtener la comunicaci\u00f3n de sus datos personales.<\/strong><\/li>\n\n\n\n<li><strong>Derecho de rectificaci\u00f3n (Art\u00edculo 16 GDPR): Puede solicitar la rectificaci\u00f3n de sus datos personales.<\/strong><\/li>\n\n\n\n<li><strong>Derecho de oposici\u00f3n (Art\u00edculo 21 GDPR): Puede oponerse a que la empresa utilice ciertos de sus datos.<\/strong><\/li>\n\n\n\n<li><strong>Derecho de supresi\u00f3n (Art\u00edculo 17 GDPR):<\/strong> Puede solicitar la supresi\u00f3n de sus datos personales.<\/li>\n\n\n\n<li><strong>Derecho a limitar el procesamiento (Art\u00edculo 18 GDPR):<\/strong> Puede solicitar que se limite el procesamiento de sus datos personales.<\/li>\n\n\n\n<li><strong>Derecho a presentar una queja ante una autoridad de control:<\/strong> Puede ponerse en contacto directamente con la CNIL, por ejemplo.<\/li>\n\n\n\n<li><strong>Derecho a la portabilidad de los datos (Art\u00edculo 20 GDPR):<\/strong> Da a las personas la capacidad de recuperar parte de sus datos en un formato abierto y legible por m\u00e1quina.<\/li>\n\n\n\n<li><strong>Derecho a retirar el consentimiento en cualquier momento (Art\u00edculo 13-2 GDPR):<\/strong> Puede retirar su consentimiento para el uso de sus datos personales.<\/li>\n<\/ul>\n\n\n\n<p>Visite el sitio web cnil.fr para obtener m\u00e1s informaci\u00f3n sobre sus derechos.<\/p>\n\n\n\n<p>Para ejercer estos derechos o para cualquier pregunta relacionada con el procesamiento de sus datos en este sistema, puede ponerse en contacto con el oficial de protecci\u00f3n de datos dentro de la empresa LDRD:<\/p>\n\n\n\n<p><strong>M.Harold DARRAS \u2013&nbsp; 44 rue Lucien Sampaix \u2013 75010 Paris<\/strong><\/p>\n\n\n\n<p><strong>  <a href=\"mailto:contact@feedgy.solar\">contacto@feedgy.solar<\/a><\/strong><\/p>\n\n\n\n<p>Si es necesario, puede presentar una queja directamente ante la CNIL:<\/p>\n\n\n\n<p><strong>Enviando correo postal a la siguiente direcci\u00f3n:<\/strong><\/p>\n\n\n\n<p><strong>CNIL<\/strong><\/p>\n\n\n\n<p><strong>3 place Fontenoy<\/strong><\/p>\n\n\n\n<p><strong>TSA 80715<\/strong><\/p>\n\n\n\n<p><strong>75334 Paris cedex 07<\/strong><\/p>\n\n\n\n<p>O directamente en el sitio web <a href=\"https:\/\/www.cnil.fr\">https:\/\/www.cnil.fr<\/a><\/p>\n\n\n\n<p>Puede darse de baja de nuestro bolet\u00edn en cualquier momento haciendo clic en el bot\u00f3n \u00abdarse de baja\u00bb en la parte inferior de cada correo electr\u00f3nico que reciba.<\/p>\n","protected":false},"excerpt":{"rendered":"<p>DEFINICIONES CNIL: Comisi\u00f3n Nacional de Inform\u00e1tica y Libertades . GDPR: Reglamento General de Protecci\u00f3n de Datos. Datos Personales: Esto abarca \u00abcualquier informaci\u00f3n relacionada con una persona natural identificada o identificable\u00bb. Estas personas deben mantener el control sobre sus datos. Anfitri\u00f3n: Esta es una entidad que proporciona acceso en l\u00ednea a un sitio web para los [&hellip;]<\/p>\n","protected":false},"author":1,"featured_media":0,"parent":0,"menu_order":0,"comment_status":"closed","ping_status":"closed","template":"","meta":{"footnotes":""},"class_list":["post-3333","page","type-page","status-publish","hentry"],"aioseo_notices":[],"_links":{"self":[{"href":"https:\/\/staging.feedgy.solar\/es\/wp-json\/wp\/v2\/pages\/3333","targetHints":{"allow":["GET"]}}],"collection":[{"href":"https:\/\/staging.feedgy.solar\/es\/wp-json\/wp\/v2\/pages"}],"about":[{"href":"https:\/\/staging.feedgy.solar\/es\/wp-json\/wp\/v2\/types\/page"}],"author":[{"embeddable":true,"href":"https:\/\/staging.feedgy.solar\/es\/wp-json\/wp\/v2\/users\/1"}],"replies":[{"embeddable":true,"href":"https:\/\/staging.feedgy.solar\/es\/wp-json\/wp\/v2\/comments?post=3333"}],"version-history":[{"count":3,"href":"https:\/\/staging.feedgy.solar\/es\/wp-json\/wp\/v2\/pages\/3333\/revisions"}],"predecessor-version":[{"id":5111,"href":"https:\/\/staging.feedgy.solar\/es\/wp-json\/wp\/v2\/pages\/3333\/revisions\/5111"}],"wp:attachment":[{"href":"https:\/\/staging.feedgy.solar\/es\/wp-json\/wp\/v2\/media?parent=3333"}],"curies":[{"name":"wp","href":"https:\/\/api.w.org\/{rel}","templated":true}]}}