{"id":3331,"date":"2023-11-03T14:43:05","date_gmt":"2023-11-03T13:43:05","guid":{"rendered":"https:\/\/www.feedgy.solar\/mentions-legales\/"},"modified":"2024-08-26T10:07:22","modified_gmt":"2024-08-26T08:07:22","slug":"avisos-legales","status":"publish","type":"page","link":"https:\/\/staging.feedgy.solar\/es\/avisos-legales\/","title":{"rendered":"Avisos legales"},"content":{"rendered":"\n<h2 class=\"wp-block-heading has-medium-font-size\"><span class=\"ez-toc-section\" id=\"Responsabilidad_del_sitio_web\"><\/span><strong>Responsabilidad del sitio web:<\/strong><span class=\"ez-toc-section-end\"><\/span><\/h2>\n\n\n\n<p>SAS Quantom \u2013 44 rue Lucien Sampaix, 75010 Paris<\/p>\n\n\n\n<p>N\u00famero SIRET: 80442011500037<\/p>\n\n\n\n<p>N\u00famero de IVA INTRACOMUNITARIO: FR73804420115<\/p>\n\n\n\n<p>P\u00e1gina web: <a href=\"https:\/\/staging.feedgy.solar\/es\/\">https:\/\/staging.feedgy.solar\/<\/a><\/p>\n\n\n\n<p>Contacto: +33 9 722 166 00<\/p>\n\n\n\n<p>SAS Quantom est\u00e1 representada por su Director de Publicaci\u00f3n, el Sr. Harold DARRAS.<\/p>\n\n\n\n<p>Feedgy es una marca registrada en el INPI (Instituto Nacional de la Propiedad Industrial) por Quantom SAS. Cualquier uso de la marca Feedgy o Quantom sin el consentimiento de Quantom SAS est\u00e1 estrictamente prohibido.<\/p>\n\n\n\n<p><strong>Hosting \/ Desarrollo del sitio web:<\/strong><\/p>\n\n\n\n<p>El sitio web est\u00e1 alojado y desarrollado por OVH &#8211; 19 Place Fran\u00e7oise Dorin, 75017 Par\u00eds &#8211; Contacto: <a href=\"https:\/\/www.google.com\/search?safe=strict&amp;rlz=1C1CHBF_frFR915FR915&amp;sxsrf=ALeKk01uR_T1n4nMQqp1i9ao1oN7UU4feg%3A1604496746947&amp;ei=aq2iX8GwOdGYaffei_AD&amp;q=OVH+adresse+paris&amp;oq=OVH+adresse+paris&amp;gs_lcp=CgZwc3ktYWIQAzICCAA6BAgAEEc6BAgjECc6BAgAEEM6BwgAEBQQhwI6BggAEBYQHlCLI1jDKWDYKmgAcAJ4AIAB_QGIAdwHkgEFMi40LjGYAQCgAQGqAQdnd3Mtd2l6yAEIwAEB&amp;sclient=psy-ab&amp;ved=0ahUKEwjBjZSVgOnsAhVRTBoKHXfvAj4Q4dUDCA0&amp;uact=5\">09 55 00 66 33<\/a><\/p>\n\n\n\n<h2 class=\"wp-block-heading has-medium-font-size\"><span class=\"ez-toc-section\" id=\"LICENCIA_Y_DERECHOS_DE_REPRODUCCION\"><\/span><strong>LICENCIA Y DERECHOS DE REPRODUCCI\u00d3N<\/strong><span class=\"ez-toc-section-end\"><\/span><\/h2>\n\n\n\n<p>Al acceder al sitio web <a href=\"https:\/\/staging.feedgy.solar\/es\/\">www.feedgy.solar<\/a>, y al hacerlo, el usuario reconoce aceptar una licencia de Feedgy QUANTOM bajo estas condiciones.<\/p>\n\n\n\n<p>A trav\u00e9s de esta licencia, se concede al usuario un derecho privado, no colectivo y no exclusivo para usar el contenido del sitio web. Esto incluye el derecho de reproducci\u00f3n para su almacenamiento en una pantalla de un solo puesto de trabajo y para la reproducci\u00f3n, en una copia, para copia de seguridad o impresi\u00f3n en papel. Cualquier redistribuci\u00f3n en cualquier forma, parcial o total, est\u00e1 expresamente prohibida sin la autorizaci\u00f3n expresa y previa de Feedgy QUANTOM. Este derecho es personal, reservado para el uso exclusivo y no colectivo del licenciatario. No es transferible de ninguna manera. Cualquier otro uso est\u00e1 sujeto a autorizaci\u00f3n previa y expresa. La violaci\u00f3n de estas disposiciones obligatorias somete al infractor, y a todas las personas responsables, a las sanciones penales y civiles previstas por la ley francesa.<\/p>\n\n\n\n<p>Para cualquier reproducci\u00f3n de art\u00edculos de una revista publicada en papel, p\u00f3ngase en contacto con <a href=\"mailto:contact@feedgy.solar\">contact@feedgy.solar<\/a>.<\/p>\n\n\n\n<p>Para la reproducci\u00f3n de art\u00edculos en formato electr\u00f3nico, env\u00ede su solicitud \u00fanicamente por correo electr\u00f3nico, especificando el contexto, la posible duraci\u00f3n de la reproducci\u00f3n en un sitio y la naturaleza del mismo (comercial o no comercial), a <a href=\"mailto:contact@feedgy.solar\">contact@feedgy.solar<\/a>.<\/p>\n\n\n\n<h2 class=\"wp-block-heading has-medium-font-size\"><span class=\"ez-toc-section\" id=\"ESTE_SITIO_ES_PUBLICADO_POR_QUANTOM\"><\/span><strong>ESTE SITIO ES PUBLICADO POR QUANTOM<\/strong><span class=\"ez-toc-section-end\"><\/span><\/h2>\n\n\n\n<p>Cualquier reproducci\u00f3n o representaci\u00f3n hecha sin el consentimiento de Feedgy constituye una infracci\u00f3n. Todo el sitio web est\u00e1 sujeto a la legislaci\u00f3n francesa e internacional sobre derechos de autor y propiedad intelectual. Todos los derechos de reproducci\u00f3n est\u00e1n reservados, incluidos los documentos descargables y las representaciones iconogr\u00e1ficas y fotogr\u00e1ficas.<\/p>\n\n\n\n<p>La reproducci\u00f3n total o parcial de este sitio en cualquier medio est\u00e1 estrictamente prohibida sin el permiso expreso de Feedgy QUANTOM. A pesar de todo el cuidado tomado en la creaci\u00f3n de este sitio web y en su actualizaci\u00f3n regular, pueden haberse producido errores en la informaci\u00f3n y\/o documentos presentados. Por lo tanto, los usuarios del sitio deben realizar las comprobaciones necesarias.<\/p>\n\n\n\n<p>Se informa a los usuarios de Internet que tienen derecho de acceso, modificaci\u00f3n, rectificaci\u00f3n y eliminaci\u00f3n de los datos que les conciernen (art. 34 y siguientes de la ley del 06\/01\/78 \u00abInformatique et Libert\u00e9s\u00bb). Para ejercer este derecho, dir\u00edjase a: <a href=\"mailto:contact@feedgy.solar\">contact@feedgy.solar<\/a> \u00a9 2023 QUANTOM &#8211; Reservados todos los derechos de reproducci\u00f3n y representaci\u00f3n. Ninguna de esta informaci\u00f3n puede ser reproducida, modificada, transmitida, redistribuida, traducida, vendida, explotada o reutilizada sin el consentimiento previo por escrito de Feedgy QUANTOM.<\/p>\n","protected":false},"excerpt":{"rendered":"<p>Responsabilidad del sitio web: SAS Quantom \u2013 44 rue Lucien Sampaix, 75010 Paris N\u00famero SIRET: 80442011500037 N\u00famero de IVA INTRACOMUNITARIO: FR73804420115 P\u00e1gina web: https:\/\/staging.feedgy.solar\/ Contacto: +33 9 722 166 00 SAS Quantom est\u00e1 representada por su Director de Publicaci\u00f3n, el Sr. Harold DARRAS. Feedgy es una marca registrada en el INPI (Instituto Nacional de la [&hellip;]<\/p>\n","protected":false},"author":1,"featured_media":0,"parent":0,"menu_order":0,"comment_status":"closed","ping_status":"closed","template":"","meta":{"footnotes":""},"class_list":["post-3331","page","type-page","status-publish","hentry"],"aioseo_notices":[],"_links":{"self":[{"href":"https:\/\/staging.feedgy.solar\/es\/wp-json\/wp\/v2\/pages\/3331","targetHints":{"allow":["GET"]}}],"collection":[{"href":"https:\/\/staging.feedgy.solar\/es\/wp-json\/wp\/v2\/pages"}],"about":[{"href":"https:\/\/staging.feedgy.solar\/es\/wp-json\/wp\/v2\/types\/page"}],"author":[{"embeddable":true,"href":"https:\/\/staging.feedgy.solar\/es\/wp-json\/wp\/v2\/users\/1"}],"replies":[{"embeddable":true,"href":"https:\/\/staging.feedgy.solar\/es\/wp-json\/wp\/v2\/comments?post=3331"}],"version-history":[{"count":0,"href":"https:\/\/staging.feedgy.solar\/es\/wp-json\/wp\/v2\/pages\/3331\/revisions"}],"wp:attachment":[{"href":"https:\/\/staging.feedgy.solar\/es\/wp-json\/wp\/v2\/media?parent=3331"}],"curies":[{"name":"wp","href":"https:\/\/api.w.org\/{rel}","templated":true}]}}