{"id":9050,"date":"2025-11-24T10:12:52","date_gmt":"2025-11-24T09:12:52","guid":{"rendered":"https:\/\/www.feedgy.solar\/contact-2\/"},"modified":"2026-01-30T11:27:13","modified_gmt":"2026-01-30T10:27:13","slug":"contact","status":"publish","type":"page","link":"https:\/\/staging.feedgy.solar\/en\/contact\/","title":{"rendered":"Contact"},"content":{"rendered":"\t\t<div data-elementor-type=\"wp-page\" data-elementor-id=\"9050\" class=\"elementor elementor-9050 elementor-8178\" data-elementor-settings=\"{&quot;ha_cmc_init_switcher&quot;:&quot;no&quot;}\">\n\t\t\t\t\t\t<section class=\"elementor-section elementor-top-section elementor-element elementor-element-e2e4ff3 elementor-section-boxed elementor-section-height-default elementor-section-height-default\" data-id=\"e2e4ff3\" data-element_type=\"section\" data-settings=\"{&quot;background_background&quot;:&quot;classic&quot;}\">\n\t\t\t\t\t\t\t<div class=\"elementor-background-overlay\"><\/div>\n\t\t\t\t\t\t\t<div class=\"elementor-container elementor-column-gap-default\">\n\t\t\t\t\t<div class=\"elementor-column elementor-col-100 elementor-top-column elementor-element elementor-element-62d2dfd\" data-id=\"62d2dfd\" data-element_type=\"column\">\n\t\t\t<div class=\"elementor-widget-wrap elementor-element-populated\">\n\t\t\t\t\t\t<div class=\"elementor-element elementor-element-2a944de elementor-widget__width-auto elementor-absolute elementor-widget elementor-widget-image\" data-id=\"2a944de\" data-element_type=\"widget\" data-settings=\"{&quot;_position&quot;:&quot;absolute&quot;}\" data-widget_type=\"image.default\">\n\t\t\t\t<div class=\"elementor-widget-container\">\n\t\t\t\t\t\t\t\t\t\t\t\t\t\t\t<img decoding=\"async\" width=\"53\" height=\"106\" src=\"https:\/\/staging.feedgy.solar\/wp-content\/uploads\/2023\/10\/Vector_shape_2.svg\" class=\"attachment-full size-full wp-image-2852\" alt=\"\" \/>\t\t\t\t\t\t\t\t\t\t\t\t\t\t\t<\/div>\n\t\t\t\t<\/div>\n\t\t\t\t<div class=\"elementor-element elementor-element-2ecd9c2 elementor-widget__width-auto elementor-absolute elementor-widget elementor-widget-image\" data-id=\"2ecd9c2\" data-element_type=\"widget\" data-settings=\"{&quot;_position&quot;:&quot;absolute&quot;}\" data-widget_type=\"image.default\">\n\t\t\t\t<div class=\"elementor-widget-container\">\n\t\t\t\t\t\t\t\t\t\t\t\t\t\t\t<img decoding=\"async\" width=\"53\" height=\"106\" src=\"https:\/\/staging.feedgy.solar\/wp-content\/uploads\/2023\/10\/vector_shape_1.svg\" class=\"attachment-full size-full wp-image-591\" alt=\"\" \/>\t\t\t\t\t\t\t\t\t\t\t\t\t\t\t<\/div>\n\t\t\t\t<\/div>\n\t\t\t\t<div class=\"elementor-element elementor-element-79b6207 elementor-widget elementor-widget-hub_fancy_heading\" data-id=\"79b6207\" data-element_type=\"widget\" data-widget_type=\"hub_fancy_heading.default\">\n\t\t\t\t<div class=\"elementor-widget-container\">\n\t\t\t\t\t\n\t\t<div id=\"ld-fancy-heading-69dddb57d2182\" class=\"ld-fancy-heading pos-rel\">\n\t\t\t<h1 class=\"ld-fh-element d-inline-block pos-rel  elementor-heading-title lqd-highlight-classic lqd-highlight-grow-left h1\"  > Contact<\/h1>\t\t<\/div>\n\n\t\t\t\t\t\t<\/div>\n\t\t\t\t<\/div>\n\t\t\t\t\t<\/div>\n\t\t<\/div>\n\t\t\t\t\t<\/div>\n\t\t<\/section>\n\t\t\t\t<section class=\"elementor-section elementor-top-section elementor-element elementor-element-eb0d1d5 elementor-section-boxed elementor-section-height-default elementor-section-height-default\" data-id=\"eb0d1d5\" data-element_type=\"section\">\n\t\t\t\t\t\t<div class=\"elementor-container elementor-column-gap-default\">\n\t\t\t\t\t<div class=\"elementor-column elementor-col-100 elementor-top-column elementor-element elementor-element-8b62818\" data-id=\"8b62818\" data-element_type=\"column\">\n\t\t\t<div class=\"elementor-widget-wrap elementor-element-populated\">\n\t\t\t\t\t\t<div class=\"elementor-element elementor-element-0fcc051 elementor-widget elementor-widget-google_maps\" data-id=\"0fcc051\" data-element_type=\"widget\" data-widget_type=\"google_maps.default\">\n\t\t\t\t<div class=\"elementor-widget-container\">\n\t\t\t\t\t\t\t<div class=\"elementor-custom-embed\">\n\t\t\t<iframe loading=\"lazy\"\n\t\t\t\t\tsrc=\"https:\/\/maps.google.com\/maps?q=44%20Rue%20Lucien%20Sampaix%2C%2075010%20Paris&#038;t=m&#038;z=15&#038;output=embed&#038;iwloc=near\"\n\t\t\t\t\ttitle=\"44 Rue Lucien Sampaix, 75010 Paris\"\n\t\t\t\t\taria-label=\"44 Rue Lucien Sampaix, 75010 Paris\"\n\t\t\t><\/iframe>\n\t\t<\/div>\n\t\t\t\t\t\t<\/div>\n\t\t\t\t<\/div>\n\t\t\t\t\t<\/div>\n\t\t<\/div>\n\t\t\t\t\t<\/div>\n\t\t<\/section>\n\t\t\t\t<section class=\"elementor-section elementor-top-section elementor-element elementor-element-fe3a26e elementor-section-boxed elementor-section-height-default elementor-section-height-default\" data-id=\"fe3a26e\" data-element_type=\"section\">\n\t\t\t\t\t\t<div class=\"elementor-container elementor-column-gap-default\">\n\t\t\t\t\t<div class=\"elementor-column elementor-col-50 elementor-top-column elementor-element elementor-element-8091c31\" data-id=\"8091c31\" data-element_type=\"column\" data-settings=\"{&quot;background_background&quot;:&quot;classic&quot;}\">\n\t\t\t<div class=\"elementor-widget-wrap elementor-element-populated\">\n\t\t\t\t\t\t<div class=\"elementor-element elementor-element-62f869d elementor-widget elementor-widget-hub_fancy_heading\" data-id=\"62f869d\" data-element_type=\"widget\" data-widget_type=\"hub_fancy_heading.default\">\n\t\t\t\t<div class=\"elementor-widget-container\">\n\t\t\t\t\t\n\t\t<div id=\"ld-fancy-heading-69dddb57d28e8\" class=\"ld-fancy-heading pos-rel\">\n\t\t\t<h3 class=\"ld-fh-element d-inline-block pos-rel  elementor-heading-title lqd-highlight-classic lqd-highlight-grow-left h3\"  > Our contact details<\/h3>\t\t<\/div>\n\n\t\t\t\t\t\t<\/div>\n\t\t\t\t<\/div>\n\t\t\t\t<div class=\"elementor-element elementor-element-ea7e908 elementor-widget__width-initial elementor-widget elementor-widget-hub_fancy_heading\" data-id=\"ea7e908\" data-element_type=\"widget\" data-widget_type=\"hub_fancy_heading.default\">\n\t\t\t\t<div class=\"elementor-widget-container\">\n\t\t\t\t\t\n\t\t<div id=\"ld-fancy-heading-69dddb57d2f9a\" class=\"ld-fancy-heading pos-rel\">\n\t\t\t<p class=\"ld-fh-element d-inline-block pos-rel  lqd-highlight-classic lqd-highlight-grow-left p\"  > Do you have a project in mind?  <br>Would you like to find out more about one of our solutions?<\/p>\t\t<\/div>\n\n\t\t\t\t\t\t<\/div>\n\t\t\t\t<\/div>\n\t\t\t\t<div class=\"elementor-element elementor-element-283d715 elementor-widget__width-inherit elementor-align-left elementor-widget elementor-widget-ld_icon_box\" data-id=\"283d715\" data-element_type=\"widget\" data-widget_type=\"ld_icon_box.default\">\n\t\t\t\t<div class=\"elementor-widget-container\">\n\t\t\t\t\t\n\t\t\t<div id=\"ld_icon_box_283d715\" class=\"iconbox d-flex flex-grow-1 pos-rel flex-wrap align-items-center iconbox-inline\"   >\n\n\t\t\t\t\n\t\t\t\t<div class=\"iconbox-icon-wrap  \"><div class=\"iconbox-icon-container d-inline-flex   \"><svg xmlns=\"http:\/\/www.w3.org\/2000\/svg\" xmlns:xlink=\"http:\/\/www.w3.org\/1999\/xlink\" width=\"512\" height=\"512\" x=\"0\" y=\"0\" viewBox=\"0 0 473.271 473.271\" style=\"enable-background:new 0 0 512 512\" xml:space=\"preserve\" class=\"\"><g><path d=\"M236.636 0C136.49 0 55.016 81.474 55.016 181.619c0 41.232 13.525 80.127 39.139 112.514l142.481 179.138L379.144 294.1c25.587-32.354 39.112-71.25 39.112-112.481C418.256 81.474 336.781 0 236.636 0zm119.003 275.459L236.636 425.078 117.659 275.491c-21.355-27.003-32.644-59.463-32.644-93.872C85.016 98.016 153.032 30 236.636 30s151.62 68.016 151.62 151.619c0 34.409-11.288 66.87-32.617 93.84z\" fill=\"#fdb913\" opacity=\"1\" data-original=\"#000000\"><\/path><path d=\"M236.636 104.397c-41.355 0-75 33.645-75 75s33.645 75 75 75 75-33.645 75-75-33.645-75-75-75zm0 120c-24.813 0-45-20.187-45-45s20.187-45 45-45 45 20.187 45 45-20.187 45-45 45z\" fill=\"#fdb913\" opacity=\"1\" data-original=\"#000000\"><\/path><\/g><\/svg><\/div><\/div>\n\t\t\t\t<h3 class=\"lqd-iconbox-heading \" >Address <\/h3>\n\t\t\t\t<div class=\"contents \">\n\t\t\t\t\n\t\t\t\t\t\t\t\t<p>44 Rue Lucien Sampaix, 75010 Paris<\/p>\n\t\t\t\t\n\t\t\t\t<\/div>\n\t\t\t\t\n\t\t\t<\/div>\n\n\t\t\t\t\t\t<\/div>\n\t\t\t\t<\/div>\n\t\t\t\t<div class=\"elementor-element elementor-element-b97423c elementor-widget__width-inherit elementor-align-left elementor-widget elementor-widget-ld_icon_box\" data-id=\"b97423c\" data-element_type=\"widget\" data-widget_type=\"ld_icon_box.default\">\n\t\t\t\t<div class=\"elementor-widget-container\">\n\t\t\t\t\t\n\t\t\t<div id=\"ld_icon_box_b97423c\" class=\"iconbox d-flex flex-grow-1 pos-rel flex-wrap align-items-center iconbox-inline\"   >\n\n\t\t\t\t\n\t\t\t\t<div class=\"iconbox-icon-wrap  \"><div class=\"iconbox-icon-container d-inline-flex   \"><svg xmlns=\"http:\/\/www.w3.org\/2000\/svg\" xmlns:xlink=\"http:\/\/www.w3.org\/1999\/xlink\" width=\"512\" height=\"512\" x=\"0\" y=\"0\" viewBox=\"0 0 512.001 512.001\" style=\"enable-background:new 0 0 512 512\" xml:space=\"preserve\" class=\"\"><g><path d=\"M442.346 338.529c-14.194-14.326-33.11-22.212-53.275-22.212h-.062c-20.186.016-39.115 7.934-53.301 22.297l-30.374 30.753c-72.944-30.572-131.228-88.912-161.758-161.815l31.002-31.39c29.014-29.376 28.757-76.918-.573-105.979L103.173 0H97C43.514 0 0 43.514 0 97c0 56.018 10.975 110.368 32.618 161.541 20.903 49.42 50.824 93.8 88.932 131.908 38.108 38.108 82.489 68.029 131.908 88.932C304.631 501.025 358.982 512 415 512c53.486 0 97-43.514 97.001-97v-6.172l-69.655-70.299zM415 482C202.71 482 30 309.29 30 97c0-34.953 26.901-63.74 61.088-66.741l61.801 61.233c17.598 17.437 17.753 45.962.344 63.588l-44.689 45.249 3.443 9.02c33.281 87.194 102.221 156.694 189.143 190.679l11.605 4.537 44.318-44.871c8.511-8.617 19.868-13.368 31.98-13.378h.037c12.098 0 23.449 4.732 31.965 13.327l60.707 61.269C478.74 455.099 449.953 482 415 482zM437.02 74.982C388.667 26.63 324.38 0 256 0v30c124.617 0 226 101.383 226 226h30c0-68.38-26.629-132.667-74.98-181.018z\" fill=\"#fdb913\" opacity=\"1\" data-original=\"#000000\" class=\"\"><\/path><path d=\"M256 90v30c74.991 0 136 61.009 136 136h30c0-91.533-74.467-166-166-166z\" fill=\"#fdb913\" opacity=\"1\" data-original=\"#000000\" class=\"\"><\/path><\/g><\/svg><\/div><\/div>\n\t\t\t\t<h3 class=\"lqd-iconbox-heading \" >Phone <\/h3>\n\t\t\t\t<div class=\"contents \">\n\t\t\t\t\n\t\t\t\t\t\t\t\t<p>+33 9 722 166 00<\/p>\n\t\t\t\t\n\t\t\t\t<\/div>\n\t\t\t\t\n\t\t\t<\/div>\n\n\t\t\t\t\t\t<\/div>\n\t\t\t\t<\/div>\n\t\t\t\t<div class=\"elementor-element elementor-element-6fe38c1 elementor-widget__width-inherit elementor-align-left elementor-widget elementor-widget-ld_icon_box\" data-id=\"6fe38c1\" data-element_type=\"widget\" data-widget_type=\"ld_icon_box.default\">\n\t\t\t\t<div class=\"elementor-widget-container\">\n\t\t\t\t\t\n\t\t\t<div id=\"ld_icon_box_6fe38c1\" class=\"iconbox d-flex flex-grow-1 pos-rel flex-wrap align-items-center iconbox-inline\"   >\n\n\t\t\t\t\n\t\t\t\t<div class=\"iconbox-icon-wrap  \"><div class=\"iconbox-icon-container d-inline-flex   \"><svg xmlns=\"http:\/\/www.w3.org\/2000\/svg\" xmlns:xlink=\"http:\/\/www.w3.org\/1999\/xlink\" width=\"512\" height=\"512\" x=\"0\" y=\"0\" viewBox=\"0 0 512 512\" style=\"enable-background:new 0 0 512 512\" xml:space=\"preserve\" class=\"\"><g><path d=\"M452 0H61v129.715l-61 60V512h512V189.785l-60-60zM200.168 346.04 30 467.82V225.066zM230.812 361h50.375l169.079 121H61.734zm81.02-14.96L482 225.065V467.82zM422 30v200.914L281.21 331h-50.42L91 231.625V30zM61 210.297l-22.723-16.152L61 171.793zm412.844-16.238L452 209.586V172.21zm0 0\" fill=\"#fdb913\" opacity=\"1\" data-original=\"#000000\" class=\"\"><\/path><path d=\"M256 271c16.504 0 32.313-3.727 46.977-11.074l-13.438-26.82C279.082 238.343 267.797 241 256 241c-41.355 0-75-33.645-75-75s33.645-75 75-75 75 33.645 75 75c0 8.27-6.73 15-15 15s-15-6.73-15-15c0-24.812-20.188-45-45-45s-45 20.188-45 45 20.188 45 45 45c11.516 0 22.031-4.355 30-11.496 7.969 7.144 18.484 11.496 30 11.496 24.813 0 45-20.187 45-45 0-57.898-47.102-105-105-105s-105 47.102-105 105 47.102 105 105 105zm0-90c-8.27 0-15-6.73-15-15s6.73-15 15-15 15 6.73 15 15-6.73 15-15 15zm0 0\" fill=\"#fdb913\" opacity=\"1\" data-original=\"#000000\" class=\"\"><\/path><\/g><\/svg><\/div><\/div>\n\t\t\t\t<h3 class=\"lqd-iconbox-heading \" >E-mail address <\/h3>\n\t\t\t\t<div class=\"contents \">\n\t\t\t\t\n\t\t\t\t\t\t\t\t<p><span>contact@feedgy.solar<\/span><\/p>\n\t\t\t\t\n\t\t\t\t<\/div>\n\t\t\t\t\n\t\t\t<\/div>\n\n\t\t\t\t\t\t<\/div>\n\t\t\t\t<\/div>\n\t\t\t\t<section class=\"elementor-section elementor-inner-section elementor-element elementor-element-806f125 elementor-section-boxed elementor-section-height-default elementor-section-height-default\" data-id=\"806f125\" data-element_type=\"section\" data-settings=\"{&quot;background_background&quot;:&quot;classic&quot;}\">\n\t\t\t\t\t\t<div class=\"elementor-container elementor-column-gap-default\">\n\t\t\t\t\t<div class=\"elementor-column elementor-col-50 elementor-inner-column elementor-element elementor-element-81bb090\" data-id=\"81bb090\" data-element_type=\"column\">\n\t\t\t<div class=\"elementor-widget-wrap elementor-element-populated\">\n\t\t\t\t\t\t<div class=\"elementor-element elementor-element-ce8cf5a elementor-widget__width-initial elementor-widget elementor-widget-hub_fancy_heading\" data-id=\"ce8cf5a\" data-element_type=\"widget\" data-widget_type=\"hub_fancy_heading.default\">\n\t\t\t\t<div class=\"elementor-widget-container\">\n\t\t\t\t\t\n\t\t<div id=\"ld-fancy-heading-69dddb57dbade\" class=\"ld-fancy-heading pos-rel\">\n\t\t\t<p class=\"ld-fh-element d-inline-block pos-rel  lqd-highlight-classic lqd-highlight-grow-left p\"  > Follow our social networks  <\/p>\t\t<\/div>\n\n\t\t\t\t\t\t<\/div>\n\t\t\t\t<\/div>\n\t\t\t\t\t<\/div>\n\t\t<\/div>\n\t\t\t\t<div class=\"elementor-column elementor-col-50 elementor-inner-column elementor-element elementor-element-c7e5cde\" data-id=\"c7e5cde\" data-element_type=\"column\">\n\t\t\t<div class=\"elementor-widget-wrap elementor-element-populated\">\n\t\t\t\t\t\t<div class=\"elementor-element elementor-element-ed33672 elementor-widget__width-auto elementor-view-default elementor-widget elementor-widget-icon\" data-id=\"ed33672\" data-element_type=\"widget\" data-widget_type=\"icon.default\">\n\t\t\t\t<div class=\"elementor-widget-container\">\n\t\t\t\t\t\t\t<div class=\"elementor-icon-wrapper\">\n\t\t\t<a class=\"elementor-icon\" href=\"https:\/\/www.linkedin.com\/company\/feedgysolar\/\" target=\"_blank\">\n\t\t\t<i aria-hidden=\"true\" class=\"fab fa-linkedin-in\"><\/i>\t\t\t<\/a>\n\t\t<\/div>\n\t\t\t\t\t\t<\/div>\n\t\t\t\t<\/div>\n\t\t\t\t<div class=\"elementor-element elementor-element-c350f65 elementor-widget__width-auto elementor-view-default elementor-widget elementor-widget-icon\" data-id=\"c350f65\" data-element_type=\"widget\" data-widget_type=\"icon.default\">\n\t\t\t\t<div class=\"elementor-widget-container\">\n\t\t\t\t\t\t\t<div class=\"elementor-icon-wrapper\">\n\t\t\t<a class=\"elementor-icon\" href=\"https:\/\/www.youtube.com\/channel\/UCYFRMs828Yv1lxnaQ_gJndg\" target=\"_blank\">\n\t\t\t<i aria-hidden=\"true\" class=\"fab fa-youtube\"><\/i>\t\t\t<\/a>\n\t\t<\/div>\n\t\t\t\t\t\t<\/div>\n\t\t\t\t<\/div>\n\t\t\t\t\t<\/div>\n\t\t<\/div>\n\t\t\t\t\t<\/div>\n\t\t<\/section>\n\t\t\t\t\t<\/div>\n\t\t<\/div>\n\t\t\t\t<div class=\"elementor-column elementor-col-50 elementor-top-column elementor-element elementor-element-ffa1be0\" data-id=\"ffa1be0\" data-element_type=\"column\" data-settings=\"{&quot;background_background&quot;:&quot;classic&quot;}\">\n\t\t\t<div class=\"elementor-widget-wrap elementor-element-populated\">\n\t\t\t\t\t<div class=\"elementor-background-overlay\"><\/div>\n\t\t\t\t\t\t<div class=\"elementor-element elementor-element-77d080c elementor-widget elementor-widget-hub_fancy_heading\" data-id=\"77d080c\" data-element_type=\"widget\" data-widget_type=\"hub_fancy_heading.default\">\n\t\t\t\t<div class=\"elementor-widget-container\">\n\t\t\t\t\t\n\t\t<div id=\"ld-fancy-heading-69dddb57dc0f9\" class=\"ld-fancy-heading pos-rel\">\n\t\t\t<h3 class=\"ld-fh-element d-inline-block pos-rel  elementor-heading-title lqd-highlight-classic lqd-highlight-grow-left h3\"  > <strong>Contact our experts!<\/strong><\/h3>\t\t<\/div>\n\n\t\t\t\t\t\t<\/div>\n\t\t\t\t<\/div>\n\t\t\t\t<div class=\"elementor-element elementor-element-91a7fe3 fluentform-widget-submit-button-left fluent-form-widget-step-header-yes fluent-form-widget-step-progressbar-yes fluentform-widget-submit-button-custom elementor-widget elementor-widget-fluent-form-widget\" data-id=\"91a7fe3\" data-element_type=\"widget\" data-widget_type=\"fluent-form-widget.default\">\n\t\t\t\t<div class=\"elementor-widget-container\">\n\t\t\t\t\t\n            <div class=\"fluentform-widget-wrapper fluentform-widget-align-default\">\n\n            \n            <div class='fluentform ff-default fluentform_wrapper_3 ffs_default_wrap'><form data-form_id=\"3\" id=\"fluentform_3\" class=\"frm-fluent-form fluent_form_3 ff-el-form-top ff_form_instance_3_1 ff-form-loading ff_has_v3_recptcha ffs_default\" data-form_instance=\"ff_form_instance_3_1\" method=\"POST\" data-recptcha_key=\"6LdxHkoqAAAAAJmql5ggUhCwFbTP6gmCTWbGqxeX\" ><fieldset  style=\"border: none!important;margin: 0!important;padding: 0!important;background-color: transparent!important;box-shadow: none!important;outline: none!important; min-inline-size: 100%;\">\n                    <legend class=\"ff_screen_reader_title\" style=\"display: block; margin: 0!important;padding: 0!important;height: 0!important;text-indent: -999999px;width: 0!important;overflow:hidden;\">Formulaire de contact<\/legend><input type='hidden' name='__fluent_form_embded_post_id' value='9050' \/><input type=\"hidden\" id=\"_fluentform_3_fluentformnonce\" name=\"_fluentform_3_fluentformnonce\" value=\"436cddcc42\" \/><input type=\"hidden\" name=\"_wp_http_referer\" value=\"\/en\/wp-json\/wp\/v2\/pages\/9050\" \/><div data-type=\"name-element\" data-name=\"names\" class=\" ff-field_container ff-name-field-wrapper\" ><div class='ff-t-container'><div class='ff-t-cell '><div class='ff-el-group  ff-el-form-top'><div class=\"ff-el-input--label ff-el-is-required asterisk-right\"><label for='ff_3_names_first_name_' id='label_ff_3_names_first_name_' >Pr\u00e9nom<\/label><\/div><div class='ff-el-input--content'><input type=\"text\" name=\"names[first_name]\" id=\"ff_3_names_first_name_\" class=\"ff-el-form-control\" placeholder=\"Pr\u00e9nom\" aria-invalid=\"false\" aria-required=true><\/div><\/div><\/div><div class='ff-t-cell '><div class='ff-el-group  ff-el-form-top'><div class=\"ff-el-input--label ff-el-is-required asterisk-right\"><label for='ff_3_names_last_name_' id='label_ff_3_names_last_name_' >Nom de famille<\/label><\/div><div class='ff-el-input--content'><input type=\"text\" name=\"names[last_name]\" id=\"ff_3_names_last_name_\" class=\"ff-el-form-control\" placeholder=\"Nom de famille\" aria-invalid=\"false\" aria-required=true><\/div><\/div><\/div><\/div><\/div><div class='ff-el-group'><div class=\"ff-el-input--label ff-el-is-required asterisk-right\"><label for='ff_3_email' id='label_ff_3_email' aria-label=\"Adresse e-mail\">Adresse e-mail<\/label><\/div><div class='ff-el-input--content'><input type=\"email\" name=\"email\" id=\"ff_3_email\" class=\"ff-el-form-control\" placeholder=\"adresse@email.com\" data-name=\"email\"  aria-invalid=\"false\" aria-required=true><\/div><\/div><div data-name=\"ff_cn_id_1\"  class='ff-t-container ff-column-container ff_columns_total_3 '><div class='ff-t-cell ff-t-column-1' style='flex-basis: 33.33%;'><div class='ff-el-group'><div class=\"ff-el-input--label ff-el-is-required asterisk-right\"><label for='ff_3_societe' id='label_ff_3_societe' aria-label=\"Soci\u00e9t\u00e9\">Soci\u00e9t\u00e9<\/label><\/div><div class='ff-el-input--content'><input type=\"text\" name=\"societe\" class=\"ff-el-form-control\" data-name=\"societe\" id=\"ff_3_societe\"  aria-invalid=\"false\" aria-required=true><\/div><\/div><\/div><div class='ff-t-cell ff-t-column-2' style='flex-basis: 33.33%;'><div class='ff-el-group'><div class=\"ff-el-input--label ff-el-is-required asterisk-right\"><label for='ff_3_tel' id='label_ff_3_tel' aria-label=\"N\u00b0 de t\u00e9l\u00e9phone\">N\u00b0 de t\u00e9l\u00e9phone<\/label><\/div><div class='ff-el-input--content'><input type=\"text\" name=\"tel\" class=\"ff-el-form-control\" data-name=\"tel\" id=\"ff_3_tel\"  aria-invalid=\"false\" aria-required=true><\/div><\/div><\/div><div class='ff-t-cell ff-t-column-3' style='flex-basis: 33.33%;'><div class='ff-el-group'><div class=\"ff-el-input--label ff-el-is-required asterisk-right\"><label for='ff_3_code_postal' id='label_ff_3_code_postal' aria-label=\"Code postal\">Code postal<\/label><\/div><div class='ff-el-input--content'><input type=\"text\" name=\"code_postal\" class=\"ff-el-form-control\" data-name=\"code_postal\" id=\"ff_3_code_postal\"  aria-invalid=\"false\" aria-required=true><\/div><\/div><\/div><\/div><div class='ff-el-group'><div class=\"ff-el-input--label ff-el-is-required asterisk-right\"><label for='ff_3_activite' id='label_ff_3_activite' aria-label=\"Activit\u00e9\">Activit\u00e9<\/label><\/div><div class='ff-el-input--content'><select name=\"activite\" id=\"ff_3_activite\" class=\"ff-el-form-control\" data-name=\"activite\" data-calc_value=\"0\"  aria-invalid=\"false\" aria-required=\"true\" aria-labelledby=\"label_ff_3_activite\"><option value=\"\">- Select -<\/option><option value=\"Exploitant agricole\"  >Exploitant agricole<\/option><option value=\"IPP\"  >IPP<\/option><option value=\"Mainteneur\"  >Mainteneur<\/option><option value=\"D\u00e9veloppeur\"  >D\u00e9veloppeur<\/option><option value=\"Investisseur foncier\"  >Investisseur foncier<\/option><\/select><\/div><\/div><div class='ff-el-group'><div class=\"ff-el-input--label ff-el-is-required asterisk-right\"><label for='ff_3_description' id='label_ff_3_description' aria-label=\"Objet de la demande\">Objet de la demande<\/label><\/div><div class='ff-el-input--content'><textarea aria-required=\"true\" aria-labelledby=\"label_ff_3_description\" name=\"description\" id=\"ff_3_description\" class=\"ff-el-form-control\" placeholder=\"Ecrivez votre message ici\" rows=\"3\" cols=\"2\" data-name=\"description\" ><\/textarea><\/div><\/div><div class='ff-el-group    ff-el-input--content'><div class='ff-el-form-check ff-el-tc'><label aria-label='En soumettant ce formulaire, vous acceptez que les informations saisies soient utilis\u00e9es pour vous recontacter dans le cadre de votre demande.\u2028\n\nPour en savoir plus sur la gestion de vos donn\u00e9es personnelles, consultez notre Politique de confidentialit\u00e9.' class='ff-el-form-check-label ff_tc_label' for=gdpr-agreement_a55142eb51aac6a6676e9f0949f4f9ac><span class='ff_tc_checkbox'><input type=\"checkbox\" name=\"gdpr-agreement\" class=\"ff-el-form-check-input ff_gdpr_field\" data-name=\"gdpr-agreement\" id=\"gdpr-agreement_a55142eb51aac6a6676e9f0949f4f9ac\"  value='on' aria-invalid='false' aria-required=true><\/span> <div class='ff_t_c'>En soumettant ce formulaire, vous acceptez que les informations saisies soient utilis\u00e9es pour vous recontacter dans le cadre de votre demande.\u2028\n\nPour en savoir plus sur la gestion de vos donn\u00e9es personnelles, consultez notre Politique de confidentialit\u00e9.<\/div><\/label><\/div><\/div><div class='ff-el-group ff-text-left ff_submit_btn_wrapper'><button type=\"submit\" class=\"ff-btn ff-btn-submit ff-btn-md ff_btn_style\"  aria-label=\"\u00catre recontact\u00e9 sous 48h\">\u00catre recontact\u00e9 sous 48h<\/button><\/div><\/fieldset><\/form><div id='fluentform_3_errors' class='ff-errors-in-stack ff_form_instance_3_1 ff-form-loading_errors ff_form_instance_3_1_errors'><\/div><\/div>            <script type=\"text\/javascript\">\n                window.fluent_form_ff_form_instance_3_1 = {\"id\":\"3\",\"settings\":{\"layout\":{\"labelPlacement\":\"top\",\"helpMessagePlacement\":\"with_label\",\"errorMessagePlacement\":\"inline\",\"cssClassName\":\"\",\"asteriskPlacement\":\"asterisk-right\"},\"restrictions\":{\"denyEmptySubmission\":{\"enabled\":false}}},\"form_instance\":\"ff_form_instance_3_1\",\"form_id_selector\":\"fluentform_3\",\"rules\":{\"names[first_name]\":{\"required\":{\"value\":true,\"message\":\"Ce champ est obligatoire\",\"global_message\":\"Ce champ est obligatoire\",\"global\":true}},\"names[middle_name]\":{\"required\":{\"value\":false,\"message\":\"Ce champ est obligatoire\",\"global_message\":\"Ce champ est obligatoire\",\"global\":true}},\"names[last_name]\":{\"required\":{\"value\":true,\"message\":\"Ce champ est obligatoire\",\"global_message\":\"Ce champ est obligatoire\",\"global\":true}},\"email\":{\"required\":{\"value\":true,\"message\":\"Ce champ est obligatoire\",\"global_message\":\"Ce champ est obligatoire\",\"global\":true},\"email\":{\"value\":true,\"message\":\"Ce champ doit contenir un e-mail valide\",\"global_message\":\"Ce champ doit contenir un e-mail valide\",\"global\":true}},\"societe\":{\"required\":{\"value\":true,\"message\":\"Ce champ est obligatoire\",\"global_message\":\"Ce champ est obligatoire\",\"global\":true}},\"tel\":{\"required\":{\"value\":true,\"message\":\"Ce champ est obligatoire\",\"global_message\":\"Ce champ est obligatoire\",\"global\":true}},\"code_postal\":{\"required\":{\"value\":true,\"message\":\"Ce champ est obligatoire\",\"global_message\":\"Ce champ est obligatoire\",\"global\":true}},\"activite\":{\"required\":{\"value\":true,\"message\":\"Ce champ est obligatoire\",\"global_message\":\"Ce champ est obligatoire\",\"global\":true}},\"description\":{\"required\":{\"value\":true,\"message\":\"Ce champ est obligatoire\",\"global_message\":\"Ce champ est obligatoire\",\"global\":true}},\"gdpr-agreement\":{\"required\":{\"value\":true,\"message\":\"Ce champ est obligatoire\",\"global_message\":\"Ce champ est obligatoire\",\"global\":true}},\"g-recaptcha-response\":[]},\"debounce_time\":300};\n                            <\/script>\n                        <\/div>\n\n            \t\t\t\t<\/div>\n\t\t\t\t<\/div>\n\t\t\t\t\t<\/div>\n\t\t<\/div>\n\t\t\t\t\t<\/div>\n\t\t<\/section>\n\t\t\t\t<\/div>\n\t\t","protected":false},"excerpt":{"rendered":"<p>Contact Our contact details Do you have a project in mind? Would you like to find out more about one of our solutions? Address 44 Rue Lucien Sampaix, 75010 Paris Phone +33 9 722 166 00 E-mail address contact@feedgy.solar Follow our social networks Contact our experts! Formulaire de contact Pr\u00e9nomNom de familleAdresse e-mailSoci\u00e9t\u00e9N\u00b0 de t\u00e9l\u00e9phoneCode [&hellip;]<\/p>\n","protected":false},"author":2,"featured_media":0,"parent":0,"menu_order":0,"comment_status":"closed","ping_status":"closed","template":"","meta":{"footnotes":""},"class_list":["post-9050","page","type-page","status-publish","hentry"],"aioseo_notices":[],"_links":{"self":[{"href":"https:\/\/staging.feedgy.solar\/en\/wp-json\/wp\/v2\/pages\/9050","targetHints":{"allow":["GET"]}}],"collection":[{"href":"https:\/\/staging.feedgy.solar\/en\/wp-json\/wp\/v2\/pages"}],"about":[{"href":"https:\/\/staging.feedgy.solar\/en\/wp-json\/wp\/v2\/types\/page"}],"author":[{"embeddable":true,"href":"https:\/\/staging.feedgy.solar\/en\/wp-json\/wp\/v2\/users\/2"}],"replies":[{"embeddable":true,"href":"https:\/\/staging.feedgy.solar\/en\/wp-json\/wp\/v2\/comments?post=9050"}],"version-history":[{"count":13,"href":"https:\/\/staging.feedgy.solar\/en\/wp-json\/wp\/v2\/pages\/9050\/revisions"}],"predecessor-version":[{"id":9874,"href":"https:\/\/staging.feedgy.solar\/en\/wp-json\/wp\/v2\/pages\/9050\/revisions\/9874"}],"wp:attachment":[{"href":"https:\/\/staging.feedgy.solar\/en\/wp-json\/wp\/v2\/media?parent=9050"}],"curies":[{"name":"wp","href":"https:\/\/api.w.org\/{rel}","templated":true}]}}