{"id":3190,"date":"2023-11-01T16:51:42","date_gmt":"2023-11-01T15:51:42","guid":{"rendered":"https:\/\/www.feedgy.solar\/blog\/"},"modified":"2024-03-15T14:53:46","modified_gmt":"2024-03-15T13:53:46","slug":"blog","status":"publish","type":"page","link":"https:\/\/staging.feedgy.solar\/en\/blog\/","title":{"rendered":"Blog"},"content":{"rendered":"\t\t<div data-elementor-type=\"wp-page\" data-elementor-id=\"3190\" class=\"elementor elementor-3190 elementor-1238\" data-elementor-settings=\"{&quot;ha_cmc_init_switcher&quot;:&quot;no&quot;}\">\n\t\t\t\t\t\t<section class=\"elementor-section elementor-top-section elementor-element elementor-element-e0105a1 elementor-section-boxed elementor-section-height-default elementor-section-height-default\" data-id=\"e0105a1\" data-element_type=\"section\" data-settings=\"{&quot;background_background&quot;:&quot;classic&quot;}\">\n\t\t\t\t\t\t\t<div class=\"elementor-background-overlay\"><\/div>\n\t\t\t\t\t\t\t<div class=\"elementor-container elementor-column-gap-default\">\n\t\t\t\t\t<div class=\"elementor-column elementor-col-100 elementor-top-column elementor-element elementor-element-9d26edb\" data-id=\"9d26edb\" data-element_type=\"column\">\n\t\t\t<div class=\"elementor-widget-wrap elementor-element-populated\">\n\t\t\t\t\t\t<div class=\"elementor-element elementor-element-0927ee8 elementor-widget__width-auto elementor-absolute elementor-widget elementor-widget-image\" data-id=\"0927ee8\" data-element_type=\"widget\" data-settings=\"{&quot;_position&quot;:&quot;absolute&quot;}\" data-widget_type=\"image.default\">\n\t\t\t\t<div class=\"elementor-widget-container\">\n\t\t\t\t\t\t\t\t\t\t\t\t\t\t\t<img decoding=\"async\" width=\"53\" height=\"106\" src=\"https:\/\/staging.feedgy.solar\/wp-content\/uploads\/2023\/10\/Vector_shape_2.svg\" class=\"attachment-full size-full wp-image-2852\" alt=\"\" \/>\t\t\t\t\t\t\t\t\t\t\t\t\t\t\t<\/div>\n\t\t\t\t<\/div>\n\t\t\t\t<div class=\"elementor-element elementor-element-c4654d5 elementor-widget__width-auto elementor-absolute elementor-widget elementor-widget-image\" data-id=\"c4654d5\" data-element_type=\"widget\" data-settings=\"{&quot;_position&quot;:&quot;absolute&quot;}\" data-widget_type=\"image.default\">\n\t\t\t\t<div class=\"elementor-widget-container\">\n\t\t\t\t\t\t\t\t\t\t\t\t\t\t\t<img decoding=\"async\" width=\"53\" height=\"106\" src=\"https:\/\/staging.feedgy.solar\/wp-content\/uploads\/2023\/10\/vector_shape_1.svg\" class=\"attachment-full size-full wp-image-591\" alt=\"\" \/>\t\t\t\t\t\t\t\t\t\t\t\t\t\t\t<\/div>\n\t\t\t\t<\/div>\n\t\t\t\t<div class=\"elementor-element elementor-element-002e4bf elementor-widget elementor-widget-hub_fancy_heading\" data-id=\"002e4bf\" data-element_type=\"widget\" data-widget_type=\"hub_fancy_heading.default\">\n\t\t\t\t<div class=\"elementor-widget-container\">\n\t\t\t\t\t\n\t\t<div id=\"ld-fancy-heading-69dddd2789a05\" class=\"ld-fancy-heading pos-rel\">\n\t\t\t<h1 class=\"ld-fh-element d-inline-block pos-rel  elementor-heading-title lqd-highlight-classic lqd-highlight-grow-left h1\"  > Blog<\/h1>\t\t<\/div>\n\n\t\t\t\t\t\t<\/div>\n\t\t\t\t<\/div>\n\t\t\t\t\t<\/div>\n\t\t<\/div>\n\t\t\t\t\t<\/div>\n\t\t<\/section>\n\t\t\t\t<section class=\"elementor-section elementor-top-section elementor-element elementor-element-73edbfa elementor-section-boxed elementor-section-height-default elementor-section-height-default\" data-id=\"73edbfa\" data-element_type=\"section\">\n\t\t\t\t\t\t<div class=\"elementor-container elementor-column-gap-default\">\n\t\t\t\t\t<div class=\"elementor-column elementor-col-100 elementor-top-column elementor-element elementor-element-a127c55\" data-id=\"a127c55\" data-element_type=\"column\">\n\t\t\t<div class=\"elementor-widget-wrap elementor-element-populated\">\n\t\t\t\t\t\t<section class=\"elementor-section elementor-inner-section elementor-element elementor-element-5caf3b3 elementor-section-boxed elementor-section-height-default elementor-section-height-default\" data-id=\"5caf3b3\" data-element_type=\"section\">\n\t\t\t\t\t\t<div class=\"elementor-container elementor-column-gap-default\">\n\t\t\t\t\t<div class=\"elementor-column elementor-col-50 elementor-inner-column elementor-element elementor-element-eebe6e2\" data-id=\"eebe6e2\" data-element_type=\"column\">\n\t\t\t<div class=\"elementor-widget-wrap elementor-element-populated\">\n\t\t\t\t\t\t<div class=\"elementor-element elementor-element-28c0278 elementor-widget elementor-widget-ld_blog\" data-id=\"28c0278\" data-element_type=\"widget\" data-widget_type=\"ld_blog.default\">\n\t\t\t\t<div class=\"elementor-widget-container\">\n\t\t\t\t\t<div class=\"lqd-lp-grid 28c0278 blog-id-42730104 \"><div class=\"lqd-lp-row row pos-rel d-flex flex-wrap\" ><div class=\"lqd-lp-column d-flex flex-column col-md-6 col-sm-6 press\"><article id=\"post-6183\" class=\"lqd-lp pos-rel lqd-lp-style-3 text-start post-6183 post type-post status-publish format-standard has-post-thumbnail hentry category-press\"><div class=\"lqd-lp-img mb-5\"><figure class=\"pos-rel overflow-hidden border-radius-6\"><img fetchpriority=\"high\" decoding=\"async\" width=\"700\" height=\"450\" src=\"https:\/\/staging.feedgy.solar\/wp-content\/uploads\/2025\/05\/Centrale-au-sol-repowering-Feedgy-700x450.jpeg\" class=\"w-100 wp-post-image\" alt=\"Centrale au sol - Repowering\" \/><div class=\"lqd-overlay d-flex align-items-center justify-content-center\">\n\t\t\t<div class=\"lqd-overlay lqd-overlay-bg\"><\/div>\n\t\t\t<i class=\"lqd-icn-ess icon-md-arrow-forward\"><\/i>\n\t\t<\/div><\/figure><\/div><header class=\"lqd-lp-header\">\n\t<div class=\"lqd-lp-meta lqd-lp-meta-dot-between d-flex flex-wrap align-items-center font-weight-bold text-uppercase ltr-sp-1\">\n\t\t<span class=\"screen-reader-text\">Tags <\/span><ul class=\"lqd-lp-cat reset-ul inline-ul pos-rel z-index-3\"><li><a href=\"https:\/\/staging.feedgy.solar\/en\/category\/press\/\" rel=\"category\">Press<\/a><\/li><\/ul>\t\t<time class=\"lqd-lp-date\" datetime=\"2025-05-02T15:09:50+02:00\">12 months ago<\/time>\t<\/div>\n\t<h3 class=\"entry-title lqd-lp-title h5 mt-3 mb-0\"><a  href=\"https:\/\/staging.feedgy.solar\/en\/feedgy-at-intersolar-powering-the-future-of-agricultureand-energy-at-intersolar\/\" rel=\"bookmark\">Feedgy at Intersolar: Powering the future of agriculture and energy at Intersolar<\/a><\/h3><\/header>\n<a  href=\"https:\/\/staging.feedgy.solar\/en\/feedgy-at-intersolar-powering-the-future-of-agricultureand-energy-at-intersolar\/\" class=\"lqd-lp-overlay-link lqd-overlay lqd-cc-label-trigger z-index-2\" tab-index=\"-1\"><\/a>\n<\/article><\/div><div class=\"lqd-lp-column d-flex flex-column col-md-6 col-sm-6 press\"><article id=\"post-4717\" class=\"lqd-lp pos-rel lqd-lp-style-3 text-start post-4717 post type-post status-publish format-standard has-post-thumbnail hentry category-press\"><div class=\"lqd-lp-img mb-5\"><figure class=\"pos-rel overflow-hidden border-radius-6\"><img loading=\"lazy\" decoding=\"async\" width=\"700\" height=\"339\" src=\"https:\/\/staging.feedgy.solar\/wp-content\/uploads\/2024\/09\/Feedgy-participe-a-Intersolar-Europe--700x339.jpg\" class=\"w-100 wp-post-image\" alt=\"Feedgy participe \u00e0 Intersolar Europe\" \/><div class=\"lqd-overlay d-flex align-items-center justify-content-center\">\n\t\t\t<div class=\"lqd-overlay lqd-overlay-bg\"><\/div>\n\t\t\t<i class=\"lqd-icn-ess icon-md-arrow-forward\"><\/i>\n\t\t<\/div><\/figure><\/div><header class=\"lqd-lp-header\">\n\t<div class=\"lqd-lp-meta lqd-lp-meta-dot-between d-flex flex-wrap align-items-center font-weight-bold text-uppercase ltr-sp-1\">\n\t\t<span class=\"screen-reader-text\">Tags <\/span><ul class=\"lqd-lp-cat reset-ul inline-ul pos-rel z-index-3\"><li><a href=\"https:\/\/staging.feedgy.solar\/en\/category\/press\/\" rel=\"category\">Press<\/a><\/li><\/ul>\t\t<time class=\"lqd-lp-date\" datetime=\"2024-06-11T12:00:16+02:00\">2 years ago<\/time>\t<\/div>\n\t<h3 class=\"entry-title lqd-lp-title h5 mt-3 mb-0\"><a  href=\"https:\/\/staging.feedgy.solar\/en\/feedgy-participe-a-intersolar-europe-innovations-a-la-pointe-pour-conquerir-leurope\/\" rel=\"bookmark\">Feedgy takes part in Intersolar Europe: Cutting-edge innovations to conquer Europe<\/a><\/h3><\/header>\n<a  href=\"https:\/\/staging.feedgy.solar\/en\/feedgy-participe-a-intersolar-europe-innovations-a-la-pointe-pour-conquerir-leurope\/\" class=\"lqd-lp-overlay-link lqd-overlay lqd-cc-label-trigger z-index-2\" tab-index=\"-1\"><\/a>\n<\/article><\/div><div class=\"lqd-lp-column d-flex flex-column col-md-6 col-sm-6 agrivoltaic\"><article id=\"post-4069\" class=\"lqd-lp pos-rel lqd-lp-style-3 text-start post-4069 post type-post status-publish format-standard has-post-thumbnail hentry category-agrivoltaic\"><div class=\"lqd-lp-img mb-5\"><figure class=\"pos-rel overflow-hidden border-radius-6\"><img loading=\"lazy\" decoding=\"async\" width=\"700\" height=\"450\" src=\"https:\/\/staging.feedgy.solar\/wp-content\/uploads\/2024\/05\/DALL\u00b7E-2024-01-25-10.33.52-Generate-an-image-from-a-perspective-under-an-agrivoltaic-structure.-The-structure-has-solar-panels-arranged-at-a-lower-height-with-a-small-gap-betwee-700x450.png\" class=\"w-100 wp-post-image\" alt=\"\" \/><div class=\"lqd-overlay d-flex align-items-center justify-content-center\">\n\t\t\t<div class=\"lqd-overlay lqd-overlay-bg\"><\/div>\n\t\t\t<i class=\"lqd-icn-ess icon-md-arrow-forward\"><\/i>\n\t\t<\/div><\/figure><\/div><header class=\"lqd-lp-header\">\n\t<div class=\"lqd-lp-meta lqd-lp-meta-dot-between d-flex flex-wrap align-items-center font-weight-bold text-uppercase ltr-sp-1\">\n\t\t<span class=\"screen-reader-text\">Tags <\/span><ul class=\"lqd-lp-cat reset-ul inline-ul pos-rel z-index-3\"><li><a href=\"https:\/\/staging.feedgy.solar\/en\/category\/agrivoltaic\/\" rel=\"category\">Agrivoltaic<\/a><\/li><\/ul>\t\t<time class=\"lqd-lp-date\" datetime=\"2024-05-29T14:52:48+02:00\">2 years ago<\/time>\t<\/div>\n\t<h3 class=\"entry-title lqd-lp-title h5 mt-3 mb-0\"><a  href=\"https:\/\/staging.feedgy.solar\/en\/decree-no-2024-318-of-april-8-2024-new-rules-for-agrivoltaism-in-france\/\" rel=\"bookmark\">Decree No. 2024-318 of April 8, 2024: New Rules for Agrivoltaism in France<\/a><\/h3><\/header>\n<a  href=\"https:\/\/staging.feedgy.solar\/en\/decree-no-2024-318-of-april-8-2024-new-rules-for-agrivoltaism-in-france\/\" class=\"lqd-lp-overlay-link lqd-overlay lqd-cc-label-trigger z-index-2\" tab-index=\"-1\"><\/a>\n<\/article><\/div><div class=\"lqd-lp-column d-flex flex-column col-md-6 col-sm-6 event\"><article id=\"post-4043\" class=\"lqd-lp pos-rel lqd-lp-style-3 text-start post-4043 post type-post status-publish format-standard has-post-thumbnail hentry category-event\"><div class=\"lqd-lp-img mb-5\"><figure class=\"pos-rel overflow-hidden border-radius-6\"><img loading=\"lazy\" decoding=\"async\" width=\"700\" height=\"450\" src=\"https:\/\/staging.feedgy.solar\/wp-content\/uploads\/2024\/05\/KEY-VISUAL-4-PAYSAGE-4-700x450.png\" class=\"w-100 wp-post-image\" alt=\"\" \/><div class=\"lqd-overlay d-flex align-items-center justify-content-center\">\n\t\t\t<div class=\"lqd-overlay lqd-overlay-bg\"><\/div>\n\t\t\t<i class=\"lqd-icn-ess icon-md-arrow-forward\"><\/i>\n\t\t<\/div><\/figure><\/div><header class=\"lqd-lp-header\">\n\t<div class=\"lqd-lp-meta lqd-lp-meta-dot-between d-flex flex-wrap align-items-center font-weight-bold text-uppercase ltr-sp-1\">\n\t\t<span class=\"screen-reader-text\">Tags <\/span><ul class=\"lqd-lp-cat reset-ul inline-ul pos-rel z-index-3\"><li><a href=\"https:\/\/staging.feedgy.solar\/en\/category\/event\/\" rel=\"category\">Event<\/a><\/li><\/ul>\t\t<time class=\"lqd-lp-date\" datetime=\"2024-05-16T13:33:35+02:00\">2 years ago<\/time>\t<\/div>\n\t<h3 class=\"entry-title lqd-lp-title h5 mt-3 mb-0\"><a  href=\"https:\/\/staging.feedgy.solar\/en\/feedgy-at-intersolar-2024-repowering-in-europe\/\" rel=\"bookmark\">Feedgy at Intersolar 2024: Repowering in Europe!<\/a><\/h3><\/header>\n<a  href=\"https:\/\/staging.feedgy.solar\/en\/feedgy-at-intersolar-2024-repowering-in-europe\/\" class=\"lqd-lp-overlay-link lqd-overlay lqd-cc-label-trigger z-index-2\" tab-index=\"-1\"><\/a>\n<\/article><\/div><div class=\"lqd-lp-column d-flex flex-column col-md-6 col-sm-6 \"><article id=\"post-3577\" class=\"lqd-lp pos-rel lqd-lp-style-3 text-start post-3577 post type-post status-publish format-standard has-post-thumbnail hentry\"><div class=\"lqd-lp-img mb-5\"><figure class=\"pos-rel overflow-hidden border-radius-6\"><img loading=\"lazy\" decoding=\"async\" width=\"700\" height=\"450\" src=\"https:\/\/staging.feedgy.solar\/wp-content\/uploads\/2024\/02\/DJI_0875-700x450.jpg\" class=\"w-100 wp-post-image\" alt=\"Centrale solaire - repowering. Lury-sur-Arnon\" \/><div class=\"lqd-overlay d-flex align-items-center justify-content-center\">\n\t\t\t<div class=\"lqd-overlay lqd-overlay-bg\"><\/div>\n\t\t\t<i class=\"lqd-icn-ess icon-md-arrow-forward\"><\/i>\n\t\t<\/div><\/figure><\/div><header class=\"lqd-lp-header\">\n\t<div class=\"lqd-lp-meta lqd-lp-meta-dot-between d-flex flex-wrap align-items-center font-weight-bold text-uppercase ltr-sp-1\">\n\t\t\t\t<time class=\"lqd-lp-date\" datetime=\"2024-02-09T10:58:50+01:00\">2 years ago<\/time>\t<\/div>\n\t<h3 class=\"entry-title lqd-lp-title h5 mt-3 mb-0\"><a  href=\"https:\/\/staging.feedgy.solar\/en\/energy-optimization-how-repowering-transforms-your-solar-stations\/\" rel=\"bookmark\">Energy optimization: how Repowering transforms your solar power plants<\/a><\/h3><\/header>\n<a  href=\"https:\/\/staging.feedgy.solar\/en\/energy-optimization-how-repowering-transforms-your-solar-stations\/\" class=\"lqd-lp-overlay-link lqd-overlay lqd-cc-label-trigger z-index-2\" tab-index=\"-1\"><\/a>\n<\/article><\/div><\/div><!--\/ .row --><\/div><!--\/ .lqd-lp-grid -->\t\t\t\t<\/div>\n\t\t\t\t<\/div>\n\t\t\t\t\t<\/div>\n\t\t<\/div>\n\t\t\t\t<div class=\"elementor-column elementor-col-50 elementor-inner-column elementor-element elementor-element-1466d5f\" data-id=\"1466d5f\" data-element_type=\"column\">\n\t\t\t<div class=\"elementor-widget-wrap elementor-element-populated\">\n\t\t\t\t\t\t<div class=\"elementor-element elementor-element-8cf3b0c elementor-widget elementor-widget-sidebar\" data-id=\"8cf3b0c\" data-element_type=\"widget\" data-widget_type=\"sidebar.default\">\n\t\t\t\t<div class=\"elementor-widget-container\">\n\t\t\t\t\t<div id=\"block-12\" class=\"widget widget_block\">\n<h3 class=\"wp-block-heading has-medium-font-size\">Categories<\/h3>\n<\/div><div id=\"block-11\" class=\"widget widget_block widget_categories\"><ul class=\"wp-block-categories-list wp-block-categories\">\t<li class=\"cat-item cat-item-41\"><a href=\"https:\/\/staging.feedgy.solar\/en\/category\/agrivoltaic\/\">Agrivoltaic<\/a>\n<\/li>\n\t<li class=\"cat-item cat-item-33\"><a href=\"https:\/\/staging.feedgy.solar\/en\/category\/energy-efficiency\/\">Energy efficiency<\/a>\n<\/li>\n\t<li class=\"cat-item cat-item-40\"><a href=\"https:\/\/staging.feedgy.solar\/en\/category\/event\/\">Event<\/a>\n<\/li>\n\t<li class=\"cat-item cat-item-1\"><a href=\"https:\/\/staging.feedgy.solar\/en\/category\/non-classifiee\/\">Non classifi\u00e9(e)<\/a>\n<\/li>\n\t<li class=\"cat-item cat-item-42\"><a href=\"https:\/\/staging.feedgy.solar\/en\/category\/press\/\">Press<\/a>\n<\/li>\n<\/ul><\/div><div id=\"block-7\" class=\"widget widget_block widget_search\"><form role=\"search\" method=\"get\" action=\"https:\/\/staging.feedgy.solar\/en\/\" class=\"wp-block-search__no-button wp-block-search\"    ><label class=\"wp-block-search__label\" for=\"wp-block-search__input-1\" >Search<\/label><div class=\"wp-block-search__inside-wrapper\" ><input class=\"wp-block-search__input\" id=\"wp-block-search__input-1\" placeholder=\"Search an article\" value=\"\" type=\"search\" name=\"s\" required \/><\/div><\/form><\/div><div id=\"liquid-latest-posts-2\" class=\"widget ld_widget_recent_entries\">\n\t\t\t\t\t\t\t<h3 class=\"widget-title\">Latest publications<\/h3>\t\t\t\n\t\t\t<ul>\n\n\t\t\t\t\n\t\t\t\t\t<li class=\"pos-rel\">\n\t\t\t\t\t\t\t\t\t\t\t<figure>\n\t\t\t\t\t\t\t<img loading=\"lazy\" decoding=\"async\" width=\"2145\" height=\"967\" src=\"https:\/\/staging.feedgy.solar\/wp-content\/uploads\/2025\/05\/Centrale-au-sol-repowering-Feedgy.jpeg\" class=\"attachment-liquid-widget size-liquid-widget wp-post-image\" alt=\"Centrale au sol - Repowering\" srcset=\"https:\/\/staging.feedgy.solar\/wp-content\/uploads\/2025\/05\/Centrale-au-sol-repowering-Feedgy.jpeg 2145w, https:\/\/staging.feedgy.solar\/wp-content\/uploads\/2025\/05\/Centrale-au-sol-repowering-Feedgy-300x135.jpeg 300w, https:\/\/staging.feedgy.solar\/wp-content\/uploads\/2025\/05\/Centrale-au-sol-repowering-Feedgy-1024x462.jpeg 1024w\" sizes=\"(max-width: 2145px) 100vw, 2145px\" \/>\t\t\t\t\t\t<\/figure>\n\t\t\t\t\t\t\t\t\t\t\t<div class=\"ld_entries_contents\">\n\t\t\t\t\t\t\t<a class=\"h2 mt-0\" href=\"https:\/\/staging.feedgy.solar\/en\/feedgy-at-intersolar-powering-the-future-of-agricultureand-energy-at-intersolar\/\">Feedgy at Intersolar: Powering the future of agriculture and energy at Intersolar<\/a>\n\t\t\t\t\t\t\t<span class=\"post-date\">2 May 2025<\/span>\t\t\t\t\t\t<\/div><!-- \/.contents -->\n\t\t\t\t\t\t<a href=\"https:\/\/staging.feedgy.solar\/en\/feedgy-at-intersolar-powering-the-future-of-agricultureand-energy-at-intersolar\/\" class=\"lqd-overlay\"><\/a>\n\t\t\t\t\t<\/li>\n\n\t\t\t\t\n\t\t\t\t\t<li class=\"pos-rel\">\n\t\t\t\t\t\t\t\t\t\t\t<figure>\n\t\t\t\t\t\t\t<img loading=\"lazy\" decoding=\"async\" width=\"942\" height=\"339\" src=\"https:\/\/staging.feedgy.solar\/wp-content\/uploads\/2024\/09\/Feedgy-participe-a-Intersolar-Europe-.jpg\" class=\"attachment-liquid-widget size-liquid-widget wp-post-image\" alt=\"Feedgy participe \u00e0 Intersolar Europe\" srcset=\"https:\/\/staging.feedgy.solar\/wp-content\/uploads\/2024\/09\/Feedgy-participe-a-Intersolar-Europe-.jpg 942w, https:\/\/staging.feedgy.solar\/wp-content\/uploads\/2024\/09\/Feedgy-participe-a-Intersolar-Europe--300x108.jpg 300w\" sizes=\"(max-width: 942px) 100vw, 942px\" \/>\t\t\t\t\t\t<\/figure>\n\t\t\t\t\t\t\t\t\t\t\t<div class=\"ld_entries_contents\">\n\t\t\t\t\t\t\t<a class=\"h2 mt-0\" href=\"https:\/\/staging.feedgy.solar\/en\/feedgy-participe-a-intersolar-europe-innovations-a-la-pointe-pour-conquerir-leurope\/\">Feedgy takes part in Intersolar Europe: Cutting-edge innovations to conquer Europe<\/a>\n\t\t\t\t\t\t\t<span class=\"post-date\">11 June 2024<\/span>\t\t\t\t\t\t<\/div><!-- \/.contents -->\n\t\t\t\t\t\t<a href=\"https:\/\/staging.feedgy.solar\/en\/feedgy-participe-a-intersolar-europe-innovations-a-la-pointe-pour-conquerir-leurope\/\" class=\"lqd-overlay\"><\/a>\n\t\t\t\t\t<\/li>\n\n\t\t\t\t\n\t\t\t\t\t<li class=\"pos-rel\">\n\t\t\t\t\t\t\t\t\t\t\t<figure>\n\t\t\t\t\t\t\t<img loading=\"lazy\" decoding=\"async\" width=\"1024\" height=\"1024\" src=\"https:\/\/staging.feedgy.solar\/wp-content\/uploads\/2024\/05\/DALL\u00b7E-2024-01-25-10.33.52-Generate-an-image-from-a-perspective-under-an-agrivoltaic-structure.-The-structure-has-solar-panels-arranged-at-a-lower-height-with-a-small-gap-betwee.png\" class=\"attachment-liquid-widget size-liquid-widget wp-post-image\" alt=\"\" srcset=\"https:\/\/staging.feedgy.solar\/wp-content\/uploads\/2024\/05\/DALL\u00b7E-2024-01-25-10.33.52-Generate-an-image-from-a-perspective-under-an-agrivoltaic-structure.-The-structure-has-solar-panels-arranged-at-a-lower-height-with-a-small-gap-betwee.png 1024w, https:\/\/staging.feedgy.solar\/wp-content\/uploads\/2024\/05\/DALL\u00b7E-2024-01-25-10.33.52-Generate-an-image-from-a-perspective-under-an-agrivoltaic-structure.-The-structure-has-solar-panels-arranged-at-a-lower-height-with-a-small-gap-betwee-300x300.png 300w, https:\/\/staging.feedgy.solar\/wp-content\/uploads\/2024\/05\/DALL\u00b7E-2024-01-25-10.33.52-Generate-an-image-from-a-perspective-under-an-agrivoltaic-structure.-The-structure-has-solar-panels-arranged-at-a-lower-height-with-a-small-gap-betwee-150x150.png 150w\" sizes=\"(max-width: 1024px) 100vw, 1024px\" \/>\t\t\t\t\t\t<\/figure>\n\t\t\t\t\t\t\t\t\t\t\t<div class=\"ld_entries_contents\">\n\t\t\t\t\t\t\t<a class=\"h2 mt-0\" href=\"https:\/\/staging.feedgy.solar\/en\/decree-no-2024-318-of-april-8-2024-new-rules-for-agrivoltaism-in-france\/\">Decree No. 2024-318 of April 8, 2024: New Rules for Agrivoltaism in France<\/a>\n\t\t\t\t\t\t\t<span class=\"post-date\">29 May 2024<\/span>\t\t\t\t\t\t<\/div><!-- \/.contents -->\n\t\t\t\t\t\t<a href=\"https:\/\/staging.feedgy.solar\/en\/decree-no-2024-318-of-april-8-2024-new-rules-for-agrivoltaism-in-france\/\" class=\"lqd-overlay\"><\/a>\n\t\t\t\t\t<\/li>\n\n\t\t\t\t\n\t\t\t\t\n\t\t\t<\/ul>\n\n\t\t\t<\/div>\t\t\t\t<\/div>\n\t\t\t\t<\/div>\n\t\t\t\t\t<\/div>\n\t\t<\/div>\n\t\t\t\t\t<\/div>\n\t\t<\/section>\n\t\t\t\t\t<\/div>\n\t\t<\/div>\n\t\t\t\t\t<\/div>\n\t\t<\/section>\n\t\t\t\t<\/div>\n\t\t","protected":false},"excerpt":{"rendered":"<p>Blog Tags Efficacit\u00e9 \u00e9nerg\u00e9tique Il y a 1 mois Optimisation \u00e9nerg\u00e9tique : comment le Repowering transforme vos centrales solaires\u00a0<\/p>\n","protected":false},"author":1,"featured_media":0,"parent":0,"menu_order":0,"comment_status":"closed","ping_status":"closed","template":"","meta":{"footnotes":""},"class_list":["post-3190","page","type-page","status-publish","hentry"],"aioseo_notices":[],"_links":{"self":[{"href":"https:\/\/staging.feedgy.solar\/en\/wp-json\/wp\/v2\/pages\/3190","targetHints":{"allow":["GET"]}}],"collection":[{"href":"https:\/\/staging.feedgy.solar\/en\/wp-json\/wp\/v2\/pages"}],"about":[{"href":"https:\/\/staging.feedgy.solar\/en\/wp-json\/wp\/v2\/types\/page"}],"author":[{"embeddable":true,"href":"https:\/\/staging.feedgy.solar\/en\/wp-json\/wp\/v2\/users\/1"}],"replies":[{"embeddable":true,"href":"https:\/\/staging.feedgy.solar\/en\/wp-json\/wp\/v2\/comments?post=3190"}],"version-history":[{"count":0,"href":"https:\/\/staging.feedgy.solar\/en\/wp-json\/wp\/v2\/pages\/3190\/revisions"}],"wp:attachment":[{"href":"https:\/\/staging.feedgy.solar\/en\/wp-json\/wp\/v2\/media?parent=3190"}],"curies":[{"name":"wp","href":"https:\/\/api.w.org\/{rel}","templated":true}]}}